{"id":5507,"date":"2022-10-03T11:04:00","date_gmt":"2022-10-03T09:04:00","guid":{"rendered":"https:\/\/www.sodibox.com\/politica-de-privacidad\/"},"modified":"2025-11-18T11:27:14","modified_gmt":"2025-11-18T10:27:14","slug":"politica-de-privacidad","status":"publish","type":"page","link":"https:\/\/www.sodibox.com\/es\/politica-de-privacidad\/","title":{"rendered":"Pol\u00edtica de privacidad"},"content":{"rendered":"\t\t<div data-elementor-type=\"wp-page\" data-elementor-id=\"5507\" class=\"elementor elementor-5507 elementor-3\" data-elementor-post-type=\"page\">\n\t\t\t\t\t\t<section class=\"elementor-section elementor-top-section elementor-element elementor-element-7a6c8e28 elementor-section-boxed elementor-section-height-default elementor-section-height-default\" data-id=\"7a6c8e28\" data-element_type=\"section\" data-e-type=\"section\">\n\t\t\t\t\t\t<div class=\"elementor-container elementor-column-gap-default\">\n\t\t\t\t\t<div class=\"elementor-column elementor-col-100 elementor-top-column elementor-element elementor-element-b911ffe\" data-id=\"b911ffe\" data-element_type=\"column\" data-e-type=\"column\">\n\t\t\t<div class=\"elementor-widget-wrap elementor-element-populated\">\n\t\t\t\t\t\t<div class=\"elementor-element elementor-element-15a3c538 elementor-widget elementor-widget-text-editor\" data-id=\"15a3c538\" data-element_type=\"widget\" data-e-type=\"widget\" data-widget_type=\"text-editor.default\">\n\t\t\t\t<div class=\"elementor-widget-container\">\n\t\t\t\t\t\t\t\t\t<p><\/p>\n<h2>\u00bfQui\u00e9nes somos&nbsp;?<\/h2>\n<p><\/p>\n<p><strong class=\"privacy-policy-tutorial\">Texto sugerido&nbsp;:<\/strong>La direcci\u00f3n de nuestro sitio web es&nbsp;: https:\/\/www.sodibox.com.<\/p>\n<p><\/p>\n<h2>Comentarios<\/h2>\n<p><\/p>\n<p><strong class=\"privacy-policy-tutorial\">Texto sugerido&nbsp;: Cuando<\/strong>deja un comentario en nuestro sitio, los datos introducidos en el formulario de comentarios, as\u00ed como su direcci\u00f3n IP y el agente de usuario de su navegador, se recopilan para ayudarnos a detectar comentarios no deseados.<\/p>\n<p><\/p>\n<p>Una cadena an\u00f3nima creada a partir de tu direcci\u00f3n de correo electr\u00f3nico (tambi\u00e9n conocida como hash) puede enviarse al servicio Gravatar para comprobar que la est\u00e1s utilizando. Las cl\u00e1usulas de confidencialidad de Gravatar est\u00e1n disponibles aqu\u00ed&nbsp;: https:\/\/automattic.com\/privacy\/. Una vez validado tu comentario, tu foto de perfil ser\u00e1 visible p\u00fablicamente junto a tu comentario.<\/p>\n<p><\/p>\n<h2>Multimedia<\/h2>\n<p><\/p>\n<p><strong class=\"privacy-policy-tutorial\">Texto sugerido&nbsp;: Si<\/strong>carga im\u00e1genes en el sitio, le aconsejamos que evite cargar im\u00e1genes que contengan datos EXIF de coordenadas GPS. Las personas que visitan su sitio pueden descargar y extraer datos de localizaci\u00f3n de estas im\u00e1genes.<\/p>\n<p><\/p>\n<h2>Cookies<\/h2>\n<p><\/p>\n<p><strong class=\"privacy-policy-tutorial\">Texto sugerido&nbsp;<\/strong>: Si deja un comentario en nuestro sitio, se le pedir\u00e1 que guarde su nombre, direcci\u00f3n de correo electr\u00f3nico y sitio en cookies. Esto es s\u00f3lo para su comodidad, para que no tenga que introducir esta informaci\u00f3n si publica otro comentario m\u00e1s tarde. Estas cookies caducan al cabo de un a\u00f1o.<\/p>\n<p><\/p>\n<p>Si accede a la p\u00e1gina de inicio de sesi\u00f3n, se crear\u00e1 una cookie temporal para determinar si su navegador acepta cookies. No contiene ning\u00fan dato personal y se borrar\u00e1 autom\u00e1ticamente cuando cierre el navegador.<\/p>\n<p><\/p>\n<p>Cuando se conecte, instalaremos una serie de cookies para registrar sus datos de acceso y preferencias de pantalla. La vida \u00fatil de una cookie de conexi\u00f3n es de dos d\u00edas, la de una cookie de opci\u00f3n de pantalla es de un a\u00f1o. Si marca \u00bb&nbsp;Recu\u00e9rdame&nbsp;\u00ab, su cookie de conexi\u00f3n se almacenar\u00e1 durante quince d\u00edas. Si sale de su cuenta, se borrar\u00e1 la cookie de conexi\u00f3n.<\/p>\n<p><\/p>\n<p>Al modificar o publicar una publicaci\u00f3n, se almacenar\u00e1 una cookie adicional en su navegador. Esta cookie no contiene ning\u00fan dato personal. Indica simplemente el ID de la publicaci\u00f3n que acaba de modificar. Caduca al cabo de un d\u00eda.<\/p>\n<p><\/p>\n<h2>Contenido incrustado de otros sitios<\/h2>\n<p><\/p>\n<p><strong class=\"privacy-policy-tutorial\">Texto sugerido&nbsp;<\/strong>: Los art\u00edculos de este sitio pueden incluir contenido incrustado (por ejemplo, v\u00eddeos, im\u00e1genes, art\u00edculos, etc.). El contenido integrado desde otros sitios se comporta de la misma manera que si el visitante estuviera visitando ese otro sitio.<\/p>\n<p><\/p>\n<p>Estos sitios web pueden recopilar datos sobre usted, utilizar cookies, incrustar herramientas de seguimiento de terceros y rastrear sus interacciones con este contenido incrustado si tiene una cuenta conectada a su sitio web.<\/p>\n<p><\/p>\n<h2>Uso y transmisi\u00f3n de sus datos personales<\/h2>\n<p><\/p>\n<p><strong class=\"privacy-policy-tutorial\">Texto sugerido&nbsp;: Si<\/strong>solicitas un restablecimiento de contrase\u00f1a, tu direcci\u00f3n IP se incluir\u00e1 en el correo electr\u00f3nico de restablecimiento.<\/p>\n<p><\/p>\n<h2>Per\u00edodos de almacenamiento de sus datos<\/h2>\n<p><\/p>\n<p><strong class=\"privacy-policy-tutorial\">Texto sugerido&nbsp;: Si<\/strong>deja un comentario, el comentario y sus metadatos se conservar\u00e1n indefinidamente. Esto permite que los comentarios posteriores se reconozcan y aprueben autom\u00e1ticamente en lugar de quedarse en la cola de moderaci\u00f3n.<\/p>\n<p><\/p>\n<p>En el caso de las cuentas que se registran en nuestro sitio (si procede), tambi\u00e9n almacenamos los datos personales indicados en su perfil. Todas las cuentas pueden ver, modificar o borrar su informaci\u00f3n personal en cualquier momento (a excepci\u00f3n de su nombre de usuario). Los administradores de los centros tambi\u00e9n pueden ver y modificar esta informaci\u00f3n.<\/p>\n<p><\/p>\n<h2>Los derechos que tiene sobre sus datos<\/h2>\n<p><\/p>\n<p><strong class=\"privacy-policy-tutorial\">Texto sugerido&nbsp;: Si<\/strong>tiene una cuenta o si ha dejado comentarios en el sitio, puede solicitar que le enviemos un archivo con todos los datos personales que tenemos sobre usted, incluidos los que nos ha facilitado. Tambi\u00e9n puede solicitar la supresi\u00f3n de sus datos personales. Esto no incluye los datos almacenados con fines administrativos, legales o de seguridad.<\/p>\n<p><\/p>\n<h2>D\u00f3nde se env\u00edan sus datos<\/h2>\n<p><\/p>\n<p><strong class=\"privacy-policy-tutorial\">Texto sugerido&nbsp;:<\/strong>Los comentarios de los visitantes pueden comprobarse mediante un servicio automatizado para detectar comentarios indeseables.<\/p>\n<p><\/p>\n<p><\/p>\t\t\t\t\t\t\t\t<\/div>\n\t\t\t\t<\/div>\n\t\t\t\t\t<\/div>\n\t\t<\/div>\n\t\t\t\t\t<\/div>\n\t\t<\/section>\n\t\t\t\t<\/div>\n\t\t","protected":false},"excerpt":{"rendered":"<p>\u00bfQui\u00e9nes somos\u00a0? Texto sugerido\u00a0:La direcci\u00f3n de nuestro sitio web es\u00a0: https:\/\/www.sodibox.com. Comentarios Texto sugerido\u00a0: Cuandodeja un comentario en nuestro sitio, los datos introducidos en el formulario de comentarios, as\u00ed como su direcci\u00f3n IP y el agente de usuario de su navegador, se recopilan para ayudarnos a detectar comentarios no deseados. Una cadena an\u00f3nima creada a [&hellip;]<\/p>\n","protected":false},"author":1,"featured_media":0,"parent":0,"menu_order":0,"comment_status":"closed","ping_status":"open","template":"","meta":{"_acf_changed":false,"inline_featured_image":false,"footnotes":""},"class_list":["post-5507","page","type-page","status-publish","hentry"],"acf":[],"yoast_head":"<!-- This site is optimized with the Yoast SEO plugin v27.3 - https:\/\/yoast.com\/product\/yoast-seo-wordpress\/ -->\n<title>Pol\u00edtica de privacidad - Sodibox<\/title>\n<meta name=\"description\" content=\"Politica de privacidad - Sodibox\" \/>\n<meta name=\"robots\" content=\"index, follow, max-snippet:-1, max-image-preview:large, max-video-preview:-1\" \/>\n<link rel=\"canonical\" href=\"https:\/\/www.sodibox.com\/es\/politica-de-privacidad\/\" \/>\n<meta property=\"og:locale\" content=\"es_ES\" \/>\n<meta property=\"og:type\" content=\"article\" \/>\n<meta property=\"og:title\" content=\"Pol\u00edtica de privacidad - Sodibox\" \/>\n<meta property=\"og:description\" content=\"Politica de privacidad - Sodibox\" \/>\n<meta property=\"og:url\" content=\"https:\/\/www.sodibox.com\/es\/politica-de-privacidad\/\" \/>\n<meta property=\"og:site_name\" content=\"Sodibox\" \/>\n<meta property=\"article:modified_time\" content=\"2025-11-18T10:27:14+00:00\" \/>\n<meta name=\"twitter:card\" content=\"summary_large_image\" \/>\n<meta name=\"twitter:label1\" content=\"Tiempo de lectura\" \/>\n\t<meta name=\"twitter:data1\" content=\"4 minuto\" \/>\n<script type=\"application\/ld+json\" class=\"yoast-schema-graph\">{\"@context\":\"https:\\\/\\\/schema.org\",\"@graph\":[{\"@type\":\"WebPage\",\"@id\":\"https:\\\/\\\/www.sodibox.com\\\/es\\\/politica-de-privacidad\\\/\",\"url\":\"https:\\\/\\\/www.sodibox.com\\\/es\\\/politica-de-privacidad\\\/\",\"name\":\"Pol\u00edtica de privacidad - Sodibox\",\"isPartOf\":{\"@id\":\"https:\\\/\\\/www.sodibox.com\\\/#website\"},\"datePublished\":\"2022-10-03T09:04:00+00:00\",\"dateModified\":\"2025-11-18T10:27:14+00:00\",\"description\":\"Politica de privacidad - Sodibox\",\"breadcrumb\":{\"@id\":\"https:\\\/\\\/www.sodibox.com\\\/es\\\/politica-de-privacidad\\\/#breadcrumb\"},\"inLanguage\":\"es\",\"potentialAction\":[{\"@type\":\"ReadAction\",\"target\":[\"https:\\\/\\\/www.sodibox.com\\\/es\\\/politica-de-privacidad\\\/\"]}]},{\"@type\":\"BreadcrumbList\",\"@id\":\"https:\\\/\\\/www.sodibox.com\\\/es\\\/politica-de-privacidad\\\/#breadcrumb\",\"itemListElement\":[{\"@type\":\"ListItem\",\"position\":1,\"name\":\"Accueil\",\"item\":\"https:\\\/\\\/www.sodibox.com\\\/es\\\/\"},{\"@type\":\"ListItem\",\"position\":2,\"name\":\"Pol\u00edtica de privacidad\"}]},{\"@type\":\"WebSite\",\"@id\":\"https:\\\/\\\/www.sodibox.com\\\/#website\",\"url\":\"https:\\\/\\\/www.sodibox.com\\\/\",\"name\":\"Sodibox\",\"description\":\"Fabricant de mat\u00e9riels pour pr\u00e9l\u00e8vements en biologie m\u00e9dicale, animale et alimentaire.\",\"potentialAction\":[{\"@type\":\"SearchAction\",\"target\":{\"@type\":\"EntryPoint\",\"urlTemplate\":\"https:\\\/\\\/www.sodibox.com\\\/?s={search_term_string}\"},\"query-input\":{\"@type\":\"PropertyValueSpecification\",\"valueRequired\":true,\"valueName\":\"search_term_string\"}}],\"inLanguage\":\"es\"}]}<\/script>\n<!-- \/ Yoast SEO plugin. -->","yoast_head_json":{"title":"Pol\u00edtica de privacidad - Sodibox","description":"Politica de privacidad - Sodibox","robots":{"index":"index","follow":"follow","max-snippet":"max-snippet:-1","max-image-preview":"max-image-preview:large","max-video-preview":"max-video-preview:-1"},"canonical":"https:\/\/www.sodibox.com\/es\/politica-de-privacidad\/","og_locale":"es_ES","og_type":"article","og_title":"Pol\u00edtica de privacidad - Sodibox","og_description":"Politica de privacidad - Sodibox","og_url":"https:\/\/www.sodibox.com\/es\/politica-de-privacidad\/","og_site_name":"Sodibox","article_modified_time":"2025-11-18T10:27:14+00:00","twitter_card":"summary_large_image","twitter_misc":{"Tiempo de lectura":"4 minuto"},"schema":{"@context":"https:\/\/schema.org","@graph":[{"@type":"WebPage","@id":"https:\/\/www.sodibox.com\/es\/politica-de-privacidad\/","url":"https:\/\/www.sodibox.com\/es\/politica-de-privacidad\/","name":"Pol\u00edtica de privacidad - Sodibox","isPartOf":{"@id":"https:\/\/www.sodibox.com\/#website"},"datePublished":"2022-10-03T09:04:00+00:00","dateModified":"2025-11-18T10:27:14+00:00","description":"Politica de privacidad - Sodibox","breadcrumb":{"@id":"https:\/\/www.sodibox.com\/es\/politica-de-privacidad\/#breadcrumb"},"inLanguage":"es","potentialAction":[{"@type":"ReadAction","target":["https:\/\/www.sodibox.com\/es\/politica-de-privacidad\/"]}]},{"@type":"BreadcrumbList","@id":"https:\/\/www.sodibox.com\/es\/politica-de-privacidad\/#breadcrumb","itemListElement":[{"@type":"ListItem","position":1,"name":"Accueil","item":"https:\/\/www.sodibox.com\/es\/"},{"@type":"ListItem","position":2,"name":"Pol\u00edtica de privacidad"}]},{"@type":"WebSite","@id":"https:\/\/www.sodibox.com\/#website","url":"https:\/\/www.sodibox.com\/","name":"Sodibox","description":"Fabricant de mat\u00e9riels pour pr\u00e9l\u00e8vements en biologie m\u00e9dicale, animale et alimentaire.","potentialAction":[{"@type":"SearchAction","target":{"@type":"EntryPoint","urlTemplate":"https:\/\/www.sodibox.com\/?s={search_term_string}"},"query-input":{"@type":"PropertyValueSpecification","valueRequired":true,"valueName":"search_term_string"}}],"inLanguage":"es"}]}},"_links":{"self":[{"href":"https:\/\/www.sodibox.com\/es\/wp-json\/wp\/v2\/pages\/5507","targetHints":{"allow":["GET"]}}],"collection":[{"href":"https:\/\/www.sodibox.com\/es\/wp-json\/wp\/v2\/pages"}],"about":[{"href":"https:\/\/www.sodibox.com\/es\/wp-json\/wp\/v2\/types\/page"}],"author":[{"embeddable":true,"href":"https:\/\/www.sodibox.com\/es\/wp-json\/wp\/v2\/users\/1"}],"replies":[{"embeddable":true,"href":"https:\/\/www.sodibox.com\/es\/wp-json\/wp\/v2\/comments?post=5507"}],"version-history":[{"count":4,"href":"https:\/\/www.sodibox.com\/es\/wp-json\/wp\/v2\/pages\/5507\/revisions"}],"predecessor-version":[{"id":6793,"href":"https:\/\/www.sodibox.com\/es\/wp-json\/wp\/v2\/pages\/5507\/revisions\/6793"}],"wp:attachment":[{"href":"https:\/\/www.sodibox.com\/es\/wp-json\/wp\/v2\/media?parent=5507"}],"curies":[{"name":"wp","href":"https:\/\/api.w.org\/{rel}","templated":true}]}}