{"id":5499,"date":"2022-10-10T11:15:09","date_gmt":"2022-10-10T09:15:09","guid":{"rendered":"https:\/\/www.sodibox.com\/nuestra-empresa\/"},"modified":"2025-11-18T11:25:48","modified_gmt":"2025-11-18T10:25:48","slug":"nuestra-empresa","status":"publish","type":"page","link":"https:\/\/www.sodibox.com\/es\/nuestra-empresa\/","title":{"rendered":"Nuestra Empresa"},"content":{"rendered":"\t\t<div data-elementor-type=\"wp-page\" data-elementor-id=\"5499\" class=\"elementor elementor-5499\" data-elementor-post-type=\"page\">\n\t\t\t\t\t\t<section class=\"elementor-section elementor-top-section elementor-element elementor-element-61e3b8e elementor-section-boxed elementor-section-height-default elementor-section-height-default\" data-id=\"61e3b8e\" data-element_type=\"section\" data-e-type=\"section\">\n\t\t\t\t\t\t<div class=\"elementor-container elementor-column-gap-no\">\n\t\t\t\t\t<div class=\"elementor-column elementor-col-100 elementor-top-column elementor-element elementor-element-b2ea9f3\" data-id=\"b2ea9f3\" data-element_type=\"column\" data-e-type=\"column\">\n\t\t\t<div class=\"elementor-widget-wrap elementor-element-populated\">\n\t\t\t\t\t\t<div class=\"elementor-element elementor-element-414e63a elementor-hidden-tablet elementor-hidden-mobile elementor-widget-tablet__width-initial elementor-widget elementor-widget-image\" data-id=\"414e63a\" data-element_type=\"widget\" data-e-type=\"widget\" data-widget_type=\"image.default\">\n\t\t\t\t<div class=\"elementor-widget-container\">\n\t\t\t\t\t\t\t\t\t\t\t\t\t\t\t<img fetchpriority=\"high\" decoding=\"async\" width=\"1024\" height=\"303\" src=\"https:\/\/www.sodibox.com\/wp-content\/uploads\/2023\/02\/14.6.082-1024x303.jpg\" class=\"attachment-large size-large wp-image-6695\" alt=\"Locaux de Sodibox \u00e0 N\u00e9vez, en Bretagne, entreprise fran\u00e7aise sp\u00e9cialis\u00e9e dans la fabrication d\u2019emballages innovants, o\u00f9 travaillent l\u2019ensemble des \u00e9quipes de production, commerciales et administratives, dans un b\u00e2timent moderne entour\u00e9 de verdure.\" srcset=\"https:\/\/www.sodibox.com\/wp-content\/uploads\/2023\/02\/14.6.082-1024x303.jpg 1024w, https:\/\/www.sodibox.com\/wp-content\/uploads\/2023\/02\/14.6.082-300x89.jpg 300w, https:\/\/www.sodibox.com\/wp-content\/uploads\/2023\/02\/14.6.082-768x228.jpg 768w, https:\/\/www.sodibox.com\/wp-content\/uploads\/2023\/02\/14.6.082-1536x455.jpg 1536w, https:\/\/www.sodibox.com\/wp-content\/uploads\/2023\/02\/14.6.082-2048x607.jpg 2048w, https:\/\/www.sodibox.com\/wp-content\/uploads\/2023\/02\/14.6.082-600x178.jpg 600w\" sizes=\"(max-width: 1024px) 100vw, 1024px\" \/>\t\t\t\t\t\t\t\t\t\t\t\t\t\t\t<\/div>\n\t\t\t\t<\/div>\n\t\t\t\t\t<\/div>\n\t\t<\/div>\n\t\t\t\t\t<\/div>\n\t\t<\/section>\n\t\t\t\t<section class=\"elementor-section elementor-top-section elementor-element elementor-element-e42e9d3 elementor-section-boxed elementor-section-height-default elementor-section-height-default\" data-id=\"e42e9d3\" data-element_type=\"section\" data-e-type=\"section\">\n\t\t\t\t\t\t<div class=\"elementor-container elementor-column-gap-default\">\n\t\t\t\t\t<div class=\"elementor-column elementor-col-100 elementor-top-column elementor-element elementor-element-16debc3\" data-id=\"16debc3\" data-element_type=\"column\" data-e-type=\"column\">\n\t\t\t<div class=\"elementor-widget-wrap elementor-element-populated\">\n\t\t\t\t\t\t<div class=\"elementor-element elementor-element-0409321 elementor-widget elementor-widget-breadcrumbs\" data-id=\"0409321\" data-element_type=\"widget\" data-e-type=\"widget\" data-widget_type=\"breadcrumbs.default\">\n\t\t\t\t<div class=\"elementor-widget-container\">\n\t\t\t\t\t<p id=\"breadcrumbs\"><span><span><a href=\"https:\/\/www.sodibox.com\/es\/\">Accueil<\/a><\/span><\/span><\/p>\t\t\t\t<\/div>\n\t\t\t\t<\/div>\n\t\t\t\t\t<\/div>\n\t\t<\/div>\n\t\t\t\t\t<\/div>\n\t\t<\/section>\n\t\t\t\t<section class=\"elementor-section elementor-top-section elementor-element elementor-element-a5e9433 elementor-section-boxed elementor-section-height-default elementor-section-height-default\" data-id=\"a5e9433\" data-element_type=\"section\" data-e-type=\"section\">\n\t\t\t\t\t\t<div class=\"elementor-container elementor-column-gap-no\">\n\t\t\t\t\t<div class=\"elementor-column elementor-col-100 elementor-top-column elementor-element elementor-element-686623c\" data-id=\"686623c\" data-element_type=\"column\" data-e-type=\"column\">\n\t\t\t<div class=\"elementor-widget-wrap elementor-element-populated\">\n\t\t\t\t\t\t<div class=\"elementor-element elementor-element-47a7f06 elementor-widget__width-initial elementor-widget elementor-widget-heading\" data-id=\"47a7f06\" data-element_type=\"widget\" data-e-type=\"widget\" data-widget_type=\"heading.default\">\n\t\t\t\t<div class=\"elementor-widget-container\">\n\t\t\t\t\t<h1 class=\"elementor-heading-title elementor-size-default\">\u00bfQui\u00e9nes somos?<\/h1>\t\t\t\t<\/div>\n\t\t\t\t<\/div>\n\t\t\t\t\t<\/div>\n\t\t<\/div>\n\t\t\t\t\t<\/div>\n\t\t<\/section>\n\t\t\t\t<section class=\"elementor-section elementor-top-section elementor-element elementor-element-d2d81cd elementor-section-full_width elementor-section-height-default elementor-section-height-default\" data-id=\"d2d81cd\" data-element_type=\"section\" data-e-type=\"section\">\n\t\t\t\t\t\t<div class=\"elementor-container elementor-column-gap-custom\">\n\t\t\t\t\t<div class=\"elementor-column elementor-col-100 elementor-top-column elementor-element elementor-element-b316087\" data-id=\"b316087\" data-element_type=\"column\" data-e-type=\"column\">\n\t\t\t<div class=\"elementor-widget-wrap elementor-element-populated\">\n\t\t\t\t\t\t<div class=\"elementor-element elementor-element-b0c1567 elementor-widget elementor-widget-spacer\" data-id=\"b0c1567\" data-element_type=\"widget\" data-e-type=\"widget\" data-widget_type=\"spacer.default\">\n\t\t\t\t<div class=\"elementor-widget-container\">\n\t\t\t\t\t\t\t<div class=\"elementor-spacer\">\n\t\t\t<div class=\"elementor-spacer-inner\"><\/div>\n\t\t<\/div>\n\t\t\t\t\t\t<\/div>\n\t\t\t\t<\/div>\n\t\t\t\t\t<\/div>\n\t\t<\/div>\n\t\t\t\t\t<\/div>\n\t\t<\/section>\n\t\t\t\t<section class=\"elementor-section elementor-top-section elementor-element elementor-element-cdf128d elementor-section-boxed elementor-section-height-default elementor-section-height-default\" data-id=\"cdf128d\" data-element_type=\"section\" data-e-type=\"section\">\n\t\t\t\t\t\t<div class=\"elementor-container elementor-column-gap-no\">\n\t\t\t\t\t<div class=\"elementor-column elementor-col-50 elementor-top-column elementor-element elementor-element-59eeb86\" data-id=\"59eeb86\" data-element_type=\"column\" data-e-type=\"column\">\n\t\t\t<div class=\"elementor-widget-wrap elementor-element-populated\">\n\t\t\t\t\t\t<div class=\"elementor-element elementor-element-d65ff7d elementor-widget elementor-widget-heading\" data-id=\"d65ff7d\" data-element_type=\"widget\" data-e-type=\"widget\" data-widget_type=\"heading.default\">\n\t\t\t\t<div class=\"elementor-widget-container\">\n\t\t\t\t\t<h2 class=\"elementor-heading-title elementor-size-default\">Nuestra historia<\/h2>\t\t\t\t<\/div>\n\t\t\t\t<\/div>\n\t\t\t\t\t<\/div>\n\t\t<\/div>\n\t\t\t\t<div class=\"elementor-column elementor-col-50 elementor-top-column elementor-element elementor-element-fa40057\" data-id=\"fa40057\" data-element_type=\"column\" data-e-type=\"column\">\n\t\t\t<div class=\"elementor-widget-wrap elementor-element-populated\">\n\t\t\t\t\t\t\t<\/div>\n\t\t<\/div>\n\t\t\t\t\t<\/div>\n\t\t<\/section>\n\t\t\t\t<section class=\"elementor-section elementor-top-section elementor-element elementor-element-fee6833 elementor-section-boxed elementor-section-height-default elementor-section-height-default\" data-id=\"fee6833\" data-element_type=\"section\" data-e-type=\"section\">\n\t\t\t\t\t\t<div class=\"elementor-container elementor-column-gap-default\">\n\t\t\t\t\t<div class=\"elementor-column elementor-col-100 elementor-top-column elementor-element elementor-element-18f18f1\" data-id=\"18f18f1\" data-element_type=\"column\" data-e-type=\"column\">\n\t\t\t<div class=\"elementor-widget-wrap elementor-element-populated\">\n\t\t\t\t\t\t<div class=\"elementor-element elementor-element-89632ff elementor-widget elementor-widget-text-editor\" data-id=\"89632ff\" data-element_type=\"widget\" data-e-type=\"widget\" data-widget_type=\"text-editor.default\">\n\t\t\t\t<div class=\"elementor-widget-container\">\n\t\t\t\t\t\t\t\t\t<p style=\"text-align: justify;\">Fundada en 1983, <strong>Sodi<\/strong>Box est\u00e1 radicada en Breta\u00f1a, regi\u00f3n conocida por su diversidad de empresas y agentes en los sectores agroalimentario y de producci\u00f3n animal.<\/p><p style=\"text-align: justify;\">Nuestra empresa supo desarrollar su actividad inicial de fabricaci\u00f3n de <a href=\"https:\/\/www.sodibox.com\/es\/categoria-producto\/kits-transporte\/sodilock-y-accesorios\/\">cajas de transporte de muestras biol\u00f3gicas<\/a> destinadas a los laboratorios de an\u00e1lisis de biolog\u00eda m\u00e9dica, diversific\u00e1ndose en los a\u00f1os 2000 para responder a nuevas expectativas, en particular en materia de dispositivos est\u00e9riles adaptados a los controles microbiol\u00f3gicos.<\/p><p style=\"text-align: justify;\">Gracias a su capacidad de escucha y a su voluntad de aportar soluciones innovadoras a los fabricantes de la industria alimentaria y a las redes de laboratorios veterinarios, <b>Sodi<\/b>Box<b> <\/b>ha dise\u00f1ado productos que permiten normalizar los m\u00e9todos de control y garantizar la fiabilidad de los resultados de los an\u00e1lisis.<\/p><p style=\"text-align: justify;\">En colaboraci\u00f3n con diversos organismos cient\u00edficos, fabricantes, laboratorios y agentes de la industria, el equipo de <strong>Sodi<\/strong>Box ha contribuido a mejorar la calidad de los controles microbiol\u00f3gicos y sanitarios gracias a sus dispositivos est\u00e9riles de muestreo de superficies: <a href=\"https:\/\/www.sodibox.com\/es\/categoria-producto\/kits-esteriles\/pano-de-muestreo\/\">toallitas de muestreo<\/a>, <a href=\"https:\/\/www.sodibox.com\/es\/categoria-producto\/kits-esteriles\/sterisox-es\/\">cubrebotas<\/a> St\u00e9risox\u00ae y <a href=\"https:\/\/www.sodibox.com\/es\/categoria-producto\/kits-esteriles\/esponja-de-muestreo\/\">esponjas de muestreo<\/a>.<\/p><p style=\"text-align: justify;\"><b>Sodi<\/b>Box lleva varios a\u00f1os comprometida a su din\u00e1mica de mejora continua<strong>.\u00a0<\/strong>Desde 2003, ofrecemos a todos nuestros clientes la garant\u00eda de un riguroso cumplimiento de los requisitos de la norma ISO 9001, gracias a la primera certificaci\u00f3n de todas sus actividades y procesos de fabricaci\u00f3n, que se renueva cada a\u00f1o desde entonces.<\/p><p style=\"text-align: justify;\">Desde hace casi 40 a\u00f1os, <b>Sodi<\/b>Box se esfuerza constantemente por satisfacer las expectativas de sus clientes en m\u00e1s de 30 pa\u00edses. La empresa ha desarrollado continuamente su gama de productos, teniendo en cuenta los \u00faltimos requisitos normativos y garantizando su facilidad de uso.<\/p>\t\t\t\t\t\t\t\t<\/div>\n\t\t\t\t<\/div>\n\t\t\t\t\t<\/div>\n\t\t<\/div>\n\t\t\t\t\t<\/div>\n\t\t<\/section>\n\t\t\t\t<section class=\"elementor-section elementor-top-section elementor-element elementor-element-48f3531 elementor-section-full_width elementor-section-height-default elementor-section-height-default\" data-id=\"48f3531\" data-element_type=\"section\" data-e-type=\"section\">\n\t\t\t\t\t\t<div class=\"elementor-container elementor-column-gap-no\">\n\t\t\t\t\t<div class=\"elementor-column elementor-col-100 elementor-top-column elementor-element elementor-element-a14ebc3\" data-id=\"a14ebc3\" data-element_type=\"column\" data-e-type=\"column\">\n\t\t\t<div class=\"elementor-widget-wrap elementor-element-populated\">\n\t\t\t\t\t\t<div class=\"elementor-element elementor-element-d3f5e07 elementor-widget elementor-widget-spacer\" data-id=\"d3f5e07\" data-element_type=\"widget\" data-e-type=\"widget\" data-widget_type=\"spacer.default\">\n\t\t\t\t<div class=\"elementor-widget-container\">\n\t\t\t\t\t\t\t<div class=\"elementor-spacer\">\n\t\t\t<div class=\"elementor-spacer-inner\"><\/div>\n\t\t<\/div>\n\t\t\t\t\t\t<\/div>\n\t\t\t\t<\/div>\n\t\t\t\t\t<\/div>\n\t\t<\/div>\n\t\t\t\t\t<\/div>\n\t\t<\/section>\n\t\t\t\t<section class=\"elementor-section elementor-top-section elementor-element elementor-element-7f8fbc1 elementor-section-full_width elementor-section-height-default elementor-section-height-default\" data-id=\"7f8fbc1\" data-element_type=\"section\" data-e-type=\"section\" data-settings=\"{&quot;background_background&quot;:&quot;classic&quot;}\">\n\t\t\t\t\t\t<div class=\"elementor-container elementor-column-gap-default\">\n\t\t\t\t\t<div class=\"elementor-column elementor-col-100 elementor-top-column elementor-element elementor-element-9dd3fe4\" data-id=\"9dd3fe4\" data-element_type=\"column\" data-e-type=\"column\">\n\t\t\t<div class=\"elementor-widget-wrap elementor-element-populated\">\n\t\t\t\t\t\t<section class=\"elementor-section elementor-inner-section elementor-element elementor-element-e48fefc elementor-section-boxed elementor-section-height-default elementor-section-height-default\" data-id=\"e48fefc\" data-element_type=\"section\" data-e-type=\"section\">\n\t\t\t\t\t\t<div class=\"elementor-container elementor-column-gap-no\">\n\t\t\t\t\t<div class=\"elementor-column elementor-col-100 elementor-inner-column elementor-element elementor-element-d578222\" data-id=\"d578222\" data-element_type=\"column\" data-e-type=\"column\">\n\t\t\t<div class=\"elementor-widget-wrap elementor-element-populated\">\n\t\t\t\t\t\t<div class=\"elementor-element elementor-element-bee1a2e elementor-widget__width-initial elementor-widget elementor-widget-heading\" data-id=\"bee1a2e\" data-element_type=\"widget\" data-e-type=\"widget\" data-widget_type=\"heading.default\">\n\t\t\t\t<div class=\"elementor-widget-container\">\n\t\t\t\t\t<h2 class=\"elementor-heading-title elementor-size-default\">Nuestros valores<\/h2>\t\t\t\t<\/div>\n\t\t\t\t<\/div>\n\t\t\t\t<div class=\"elementor-element elementor-element-230a4c4 elementor-widget elementor-widget-spacer\" data-id=\"230a4c4\" data-element_type=\"widget\" data-e-type=\"widget\" data-widget_type=\"spacer.default\">\n\t\t\t\t<div class=\"elementor-widget-container\">\n\t\t\t\t\t\t\t<div class=\"elementor-spacer\">\n\t\t\t<div class=\"elementor-spacer-inner\"><\/div>\n\t\t<\/div>\n\t\t\t\t\t\t<\/div>\n\t\t\t\t<\/div>\n\t\t\t\t<div class=\"elementor-element elementor-element-fb4381e elementor-widget__width-inherit elementor-widget elementor-widget-text-editor\" data-id=\"fb4381e\" data-element_type=\"widget\" data-e-type=\"widget\" data-widget_type=\"text-editor.default\">\n\t\t\t\t<div class=\"elementor-widget-container\">\n\t\t\t\t\t\t\t\t\t<p>Sodibox es una empresa familiar con una fuerte presencia en Francia y en el extranjero, gracias a un equipo de unas treinta personas que trabajan duro cada d\u00eda para dise\u00f1ar y ofrecer los mejores productos y servicios posibles a nuestros clientes.<\/p><p>Reconocido por nuestro rigor, capacidad de reacci\u00f3n y habilidad para innovar y crear productos de alta calidad, nuestro equipo se compromete a escuchar a sus clientes y satisfacer sus expectativas.<\/p>\n<p>Nuestro objetivo es establecer relaciones de confianza a largo plazo con todos nuestros socios. Estamos orgullosos de nuestras ra\u00edces y de nuestro arraigo local.<\/p>\n<p>Cuando trabaje con Sodibox, puede estar seguro de que dispondr\u00e1 tanto de conocimientos humanos como t\u00e9cnicos.<\/p>\t\t\t\t\t\t\t\t<\/div>\n\t\t\t\t<\/div>\n\t\t\t\t\t<\/div>\n\t\t<\/div>\n\t\t\t\t\t<\/div>\n\t\t<\/section>\n\t\t\t\t\t<\/div>\n\t\t<\/div>\n\t\t\t\t\t<\/div>\n\t\t<\/section>\n\t\t\t\t<section class=\"elementor-section elementor-top-section elementor-element elementor-element-1d3ccbc elementor-section-full_width elementor-section-height-default elementor-section-height-default\" data-id=\"1d3ccbc\" data-element_type=\"section\" data-e-type=\"section\">\n\t\t\t\t\t\t<div class=\"elementor-container elementor-column-gap-no\">\n\t\t\t\t\t<div class=\"elementor-column elementor-col-100 elementor-top-column elementor-element elementor-element-9ee3f0d\" data-id=\"9ee3f0d\" data-element_type=\"column\" data-e-type=\"column\">\n\t\t\t<div class=\"elementor-widget-wrap elementor-element-populated\">\n\t\t\t\t\t\t<div class=\"elementor-element elementor-element-f1aa4ee elementor-widget elementor-widget-spacer\" data-id=\"f1aa4ee\" data-element_type=\"widget\" data-e-type=\"widget\" data-widget_type=\"spacer.default\">\n\t\t\t\t<div class=\"elementor-widget-container\">\n\t\t\t\t\t\t\t<div class=\"elementor-spacer\">\n\t\t\t<div class=\"elementor-spacer-inner\"><\/div>\n\t\t<\/div>\n\t\t\t\t\t\t<\/div>\n\t\t\t\t<\/div>\n\t\t\t\t\t<\/div>\n\t\t<\/div>\n\t\t\t\t\t<\/div>\n\t\t<\/section>\n\t\t\t\t<section class=\"elementor-section elementor-top-section elementor-element elementor-element-bfc55ba elementor-section-boxed elementor-section-height-default elementor-section-height-default\" data-id=\"bfc55ba\" data-element_type=\"section\" data-e-type=\"section\">\n\t\t\t\t\t\t<div class=\"elementor-container elementor-column-gap-default\">\n\t\t\t\t\t<div class=\"elementor-column elementor-col-100 elementor-top-column elementor-element elementor-element-9bb5ab9\" data-id=\"9bb5ab9\" data-element_type=\"column\" data-e-type=\"column\">\n\t\t\t<div class=\"elementor-widget-wrap elementor-element-populated\">\n\t\t\t\t\t\t<div class=\"elementor-element elementor-element-0719445 elementor-widget elementor-widget-spacer\" data-id=\"0719445\" data-element_type=\"widget\" data-e-type=\"widget\" data-widget_type=\"spacer.default\">\n\t\t\t\t<div class=\"elementor-widget-container\">\n\t\t\t\t\t\t\t<div class=\"elementor-spacer\">\n\t\t\t<div class=\"elementor-spacer-inner\"><\/div>\n\t\t<\/div>\n\t\t\t\t\t\t<\/div>\n\t\t\t\t<\/div>\n\t\t\t\t\t<\/div>\n\t\t<\/div>\n\t\t\t\t\t<\/div>\n\t\t<\/section>\n\t\t\t\t<\/div>\n\t\t","protected":false},"excerpt":{"rendered":"<p>\u00bfQui\u00e9nes somos? Nuestra historia Fundada en 1983, SodiBox est\u00e1 radicada en Breta\u00f1a, regi\u00f3n conocida por su diversidad de empresas y agentes en los sectores agroalimentario y de producci\u00f3n animal. Nuestra empresa supo desarrollar su actividad inicial de fabricaci\u00f3n de cajas de transporte de muestras biol\u00f3gicas destinadas a los laboratorios de an\u00e1lisis de biolog\u00eda m\u00e9dica, diversific\u00e1ndose [&hellip;]<\/p>\n","protected":false},"author":1,"featured_media":0,"parent":0,"menu_order":0,"comment_status":"closed","ping_status":"closed","template":"","meta":{"_acf_changed":false,"inline_featured_image":false,"footnotes":""},"class_list":["post-5499","page","type-page","status-publish","hentry"],"acf":[],"yoast_head":"<!-- This site is optimized with the Yoast SEO plugin v27.3 - https:\/\/yoast.com\/product\/yoast-seo-wordpress\/ -->\n<title>Sodibox \u2013 Proveedor de equipos y soluciones para laboratorios<\/title>\n<meta name=\"description\" content=\"Sodibox ofrece equipos y soluciones cient\u00edficas para laboratorios m\u00e9dicos, veterinarios y alimentarios. Con\u00f3zcanos y contacte con nosotros\" \/>\n<meta name=\"robots\" content=\"index, follow, max-snippet:-1, max-image-preview:large, max-video-preview:-1\" \/>\n<link rel=\"canonical\" href=\"https:\/\/www.sodibox.com\/es\/nuestra-empresa\/\" \/>\n<meta property=\"og:locale\" content=\"es_ES\" \/>\n<meta property=\"og:type\" content=\"article\" \/>\n<meta property=\"og:title\" content=\"Sodibox \u2013 Proveedor de equipos y soluciones para laboratorios\" \/>\n<meta property=\"og:description\" content=\"Sodibox ofrece equipos y soluciones cient\u00edficas para laboratorios m\u00e9dicos, veterinarios y alimentarios. Con\u00f3zcanos y contacte con nosotros\" \/>\n<meta property=\"og:url\" content=\"https:\/\/www.sodibox.com\/es\/nuestra-empresa\/\" \/>\n<meta property=\"og:site_name\" content=\"Sodibox\" \/>\n<meta property=\"article:modified_time\" content=\"2025-11-18T10:25:48+00:00\" \/>\n<meta property=\"og:image\" content=\"https:\/\/www.sodibox.com\/wp-content\/uploads\/2023\/02\/14.6.082-1024x303.jpg\" \/>\n<meta name=\"twitter:card\" content=\"summary_large_image\" \/>\n<meta name=\"twitter:label1\" content=\"Tiempo de lectura\" \/>\n\t<meta name=\"twitter:data1\" content=\"3 minuto\" \/>\n<script type=\"application\/ld+json\" class=\"yoast-schema-graph\">{\"@context\":\"https:\\\/\\\/schema.org\",\"@graph\":[{\"@type\":\"WebPage\",\"@id\":\"https:\\\/\\\/www.sodibox.com\\\/es\\\/nuestra-empresa\\\/\",\"url\":\"https:\\\/\\\/www.sodibox.com\\\/es\\\/nuestra-empresa\\\/\",\"name\":\"Sodibox \u2013 Proveedor de equipos y soluciones para laboratorios\",\"isPartOf\":{\"@id\":\"https:\\\/\\\/www.sodibox.com\\\/#website\"},\"primaryImageOfPage\":{\"@id\":\"https:\\\/\\\/www.sodibox.com\\\/es\\\/nuestra-empresa\\\/#primaryimage\"},\"image\":{\"@id\":\"https:\\\/\\\/www.sodibox.com\\\/es\\\/nuestra-empresa\\\/#primaryimage\"},\"thumbnailUrl\":\"https:\\\/\\\/www.sodibox.com\\\/wp-content\\\/uploads\\\/2023\\\/02\\\/14.6.082-1024x303.jpg\",\"datePublished\":\"2022-10-10T09:15:09+00:00\",\"dateModified\":\"2025-11-18T10:25:48+00:00\",\"description\":\"Sodibox ofrece equipos y soluciones cient\u00edficas para laboratorios m\u00e9dicos, veterinarios y alimentarios. Con\u00f3zcanos y contacte con nosotros\",\"breadcrumb\":{\"@id\":\"https:\\\/\\\/www.sodibox.com\\\/es\\\/nuestra-empresa\\\/#breadcrumb\"},\"inLanguage\":\"es\",\"potentialAction\":[{\"@type\":\"ReadAction\",\"target\":[\"https:\\\/\\\/www.sodibox.com\\\/es\\\/nuestra-empresa\\\/\"]}]},{\"@type\":\"ImageObject\",\"inLanguage\":\"es\",\"@id\":\"https:\\\/\\\/www.sodibox.com\\\/es\\\/nuestra-empresa\\\/#primaryimage\",\"url\":\"https:\\\/\\\/www.sodibox.com\\\/wp-content\\\/uploads\\\/2023\\\/02\\\/14.6.082-1024x303.jpg\",\"contentUrl\":\"https:\\\/\\\/www.sodibox.com\\\/wp-content\\\/uploads\\\/2023\\\/02\\\/14.6.082-1024x303.jpg\"},{\"@type\":\"BreadcrumbList\",\"@id\":\"https:\\\/\\\/www.sodibox.com\\\/es\\\/nuestra-empresa\\\/#breadcrumb\",\"itemListElement\":[{\"@type\":\"ListItem\",\"position\":1,\"name\":\"Accueil\",\"item\":\"https:\\\/\\\/www.sodibox.com\\\/es\\\/\"},{\"@type\":\"ListItem\",\"position\":2,\"name\":\"Nuestra Empresa\"}]},{\"@type\":\"WebSite\",\"@id\":\"https:\\\/\\\/www.sodibox.com\\\/#website\",\"url\":\"https:\\\/\\\/www.sodibox.com\\\/\",\"name\":\"Sodibox\",\"description\":\"Fabricant de mat\u00e9riels pour pr\u00e9l\u00e8vements en biologie m\u00e9dicale, animale et alimentaire.\",\"potentialAction\":[{\"@type\":\"SearchAction\",\"target\":{\"@type\":\"EntryPoint\",\"urlTemplate\":\"https:\\\/\\\/www.sodibox.com\\\/?s={search_term_string}\"},\"query-input\":{\"@type\":\"PropertyValueSpecification\",\"valueRequired\":true,\"valueName\":\"search_term_string\"}}],\"inLanguage\":\"es\"}]}<\/script>\n<!-- \/ Yoast SEO plugin. -->","yoast_head_json":{"title":"Sodibox \u2013 Proveedor de equipos y soluciones para laboratorios","description":"Sodibox ofrece equipos y soluciones cient\u00edficas para laboratorios m\u00e9dicos, veterinarios y alimentarios. Con\u00f3zcanos y contacte con nosotros","robots":{"index":"index","follow":"follow","max-snippet":"max-snippet:-1","max-image-preview":"max-image-preview:large","max-video-preview":"max-video-preview:-1"},"canonical":"https:\/\/www.sodibox.com\/es\/nuestra-empresa\/","og_locale":"es_ES","og_type":"article","og_title":"Sodibox \u2013 Proveedor de equipos y soluciones para laboratorios","og_description":"Sodibox ofrece equipos y soluciones cient\u00edficas para laboratorios m\u00e9dicos, veterinarios y alimentarios. Con\u00f3zcanos y contacte con nosotros","og_url":"https:\/\/www.sodibox.com\/es\/nuestra-empresa\/","og_site_name":"Sodibox","article_modified_time":"2025-11-18T10:25:48+00:00","og_image":[{"url":"https:\/\/www.sodibox.com\/wp-content\/uploads\/2023\/02\/14.6.082-1024x303.jpg","type":"","width":"","height":""}],"twitter_card":"summary_large_image","twitter_misc":{"Tiempo de lectura":"3 minuto"},"schema":{"@context":"https:\/\/schema.org","@graph":[{"@type":"WebPage","@id":"https:\/\/www.sodibox.com\/es\/nuestra-empresa\/","url":"https:\/\/www.sodibox.com\/es\/nuestra-empresa\/","name":"Sodibox \u2013 Proveedor de equipos y soluciones para laboratorios","isPartOf":{"@id":"https:\/\/www.sodibox.com\/#website"},"primaryImageOfPage":{"@id":"https:\/\/www.sodibox.com\/es\/nuestra-empresa\/#primaryimage"},"image":{"@id":"https:\/\/www.sodibox.com\/es\/nuestra-empresa\/#primaryimage"},"thumbnailUrl":"https:\/\/www.sodibox.com\/wp-content\/uploads\/2023\/02\/14.6.082-1024x303.jpg","datePublished":"2022-10-10T09:15:09+00:00","dateModified":"2025-11-18T10:25:48+00:00","description":"Sodibox ofrece equipos y soluciones cient\u00edficas para laboratorios m\u00e9dicos, veterinarios y alimentarios. Con\u00f3zcanos y contacte con nosotros","breadcrumb":{"@id":"https:\/\/www.sodibox.com\/es\/nuestra-empresa\/#breadcrumb"},"inLanguage":"es","potentialAction":[{"@type":"ReadAction","target":["https:\/\/www.sodibox.com\/es\/nuestra-empresa\/"]}]},{"@type":"ImageObject","inLanguage":"es","@id":"https:\/\/www.sodibox.com\/es\/nuestra-empresa\/#primaryimage","url":"https:\/\/www.sodibox.com\/wp-content\/uploads\/2023\/02\/14.6.082-1024x303.jpg","contentUrl":"https:\/\/www.sodibox.com\/wp-content\/uploads\/2023\/02\/14.6.082-1024x303.jpg"},{"@type":"BreadcrumbList","@id":"https:\/\/www.sodibox.com\/es\/nuestra-empresa\/#breadcrumb","itemListElement":[{"@type":"ListItem","position":1,"name":"Accueil","item":"https:\/\/www.sodibox.com\/es\/"},{"@type":"ListItem","position":2,"name":"Nuestra Empresa"}]},{"@type":"WebSite","@id":"https:\/\/www.sodibox.com\/#website","url":"https:\/\/www.sodibox.com\/","name":"Sodibox","description":"Fabricant de mat\u00e9riels pour pr\u00e9l\u00e8vements en biologie m\u00e9dicale, animale et alimentaire.","potentialAction":[{"@type":"SearchAction","target":{"@type":"EntryPoint","urlTemplate":"https:\/\/www.sodibox.com\/?s={search_term_string}"},"query-input":{"@type":"PropertyValueSpecification","valueRequired":true,"valueName":"search_term_string"}}],"inLanguage":"es"}]}},"_links":{"self":[{"href":"https:\/\/www.sodibox.com\/es\/wp-json\/wp\/v2\/pages\/5499","targetHints":{"allow":["GET"]}}],"collection":[{"href":"https:\/\/www.sodibox.com\/es\/wp-json\/wp\/v2\/pages"}],"about":[{"href":"https:\/\/www.sodibox.com\/es\/wp-json\/wp\/v2\/types\/page"}],"author":[{"embeddable":true,"href":"https:\/\/www.sodibox.com\/es\/wp-json\/wp\/v2\/users\/1"}],"replies":[{"embeddable":true,"href":"https:\/\/www.sodibox.com\/es\/wp-json\/wp\/v2\/comments?post=5499"}],"version-history":[{"count":11,"href":"https:\/\/www.sodibox.com\/es\/wp-json\/wp\/v2\/pages\/5499\/revisions"}],"predecessor-version":[{"id":6180,"href":"https:\/\/www.sodibox.com\/es\/wp-json\/wp\/v2\/pages\/5499\/revisions\/6180"}],"wp:attachment":[{"href":"https:\/\/www.sodibox.com\/es\/wp-json\/wp\/v2\/media?parent=5499"}],"curies":[{"name":"wp","href":"https:\/\/api.w.org\/{rel}","templated":true}]}}