{"id":5489,"date":"2022-10-11T14:00:58","date_gmt":"2022-10-11T12:00:58","guid":{"rendered":"https:\/\/www.sodibox.com\/condiciones-generales-de-venta\/"},"modified":"2025-11-18T10:23:23","modified_gmt":"2025-11-18T09:23:23","slug":"condiciones-generales-de-venta","status":"publish","type":"page","link":"https:\/\/www.sodibox.com\/es\/condiciones-generales-de-venta\/","title":{"rendered":"Condiciones generales de venta"},"content":{"rendered":"\t\t<div data-elementor-type=\"wp-page\" data-elementor-id=\"5489\" class=\"elementor elementor-5489 elementor-5330\" data-elementor-post-type=\"page\">\n\t\t\t\t\t\t<section class=\"elementor-section elementor-top-section elementor-element elementor-element-a7a495c elementor-section-boxed elementor-section-height-default elementor-section-height-default\" data-id=\"a7a495c\" data-element_type=\"section\" data-e-type=\"section\">\n\t\t\t\t\t\t<div class=\"elementor-container elementor-column-gap-default\">\n\t\t\t\t\t<div class=\"elementor-column elementor-col-100 elementor-top-column elementor-element elementor-element-55005e9\" data-id=\"55005e9\" data-element_type=\"column\" data-e-type=\"column\">\n\t\t\t<div class=\"elementor-widget-wrap elementor-element-populated\">\n\t\t\t\t\t\t<div class=\"elementor-element elementor-element-76a6111 elementor-widget elementor-widget-heading\" data-id=\"76a6111\" data-element_type=\"widget\" data-e-type=\"widget\" data-widget_type=\"heading.default\">\n\t\t\t\t<div class=\"elementor-widget-container\">\n\t\t\t\t\t<h2 class=\"elementor-heading-title elementor-size-default\">Condiciones generales de venta<\/h2>\t\t\t\t<\/div>\n\t\t\t\t<\/div>\n\t\t\t\t\t<\/div>\n\t\t<\/div>\n\t\t\t\t\t<\/div>\n\t\t<\/section>\n\t\t\t\t<section class=\"elementor-section elementor-top-section elementor-element elementor-element-78c8aa2 elementor-section-boxed elementor-section-height-default elementor-section-height-default\" data-id=\"78c8aa2\" data-element_type=\"section\" data-e-type=\"section\">\n\t\t\t\t\t\t<div class=\"elementor-container elementor-column-gap-default\">\n\t\t\t\t\t<div class=\"elementor-column elementor-col-100 elementor-top-column elementor-element elementor-element-0cdab80\" data-id=\"0cdab80\" data-element_type=\"column\" data-e-type=\"column\">\n\t\t\t<div class=\"elementor-widget-wrap elementor-element-populated\">\n\t\t\t\t\t\t<div class=\"elementor-element elementor-element-32a8579 elementor-widget elementor-widget-text-editor\" data-id=\"32a8579\" data-element_type=\"widget\" data-e-type=\"widget\" data-widget_type=\"text-editor.default\">\n\t\t\t\t<div class=\"elementor-widget-container\">\n\t\t\t\t\t\t\t\t\t<p><strong>ALCANCE<\/strong><\/p>\n<p>Las presentes Condiciones Generales de Venta se aplican sin restricciones ni reservas a todas las ventas celebradas en Francia metropolitana (con exclusi\u00f3n de cualquier otra zona, o contrato de venta sujeto a condiciones particulares) por Sodibox a los Compradores.<\/p>\n<p>De conformidad con la normativa vigente, las presentes Condiciones Generales de Venta se adjuntan sistem\u00e1ticamente a las ofertas comerciales y a los recibos de pedido.<\/p>\n<p>Todo pedido de productos realizado por el Comprador implica la aceptaci\u00f3n de las presentes Condiciones Generales de Venta.<\/p>\n<\/p>\n<p><strong>PEDIDOS<\/strong><\/p>\n<p>Los pedidos deber\u00e1n realizarse por escrito, mediante una hoja de pedido debidamente firmada por el Comprador.<\/p>\n<p>El acuse de recibo y la aceptaci\u00f3n del pedido por parte de Sodibox se con\ufb01rmar\u00e1n mediante el env\u00edo de un \u00abrecibo de pedido\u00bb, cuya recepci\u00f3n por parte del Comprador constituir\u00e1 un contrato. Se tienen en cuenta las referencias, los embalajes est\u00e1ndar, las cantidades y los precios de\ufb01nidos en los documentos Sodibox vigentes en la fecha del pedido, as\u00ed como la fecha de puesta a disposici\u00f3n de la mercanc\u00eda.<\/p>\n<p>Los pedidos s\u00f3lo podr\u00e1n con\ufb01rmarse si el Comprador est\u00e1 al corriente de sus obligaciones con Sodibox.<\/p>\n<p>Sodibox se reserva el derecho de aceptar o rechazar cualquier modi\ufb01caci\u00f3n de pedido solicitada por el Comprador.<\/p>\n<\/p>\n<p><strong>PRECIOS<\/strong><\/p>\n<p>Los precios se indican en las listas de precios y ofertas comerciales vigentes en el momento de la aceptaci\u00f3n del pedido por parte de Sodibox. Estos precios son firmes y no revisables durante el periodo de validez indicado.<\/p>\n<p>Los precios se indican en euros sin IVA, de f\u00e1brica, m\u00e1s transporte y embalaje. En Francia metropolitana, el porte y el embalaje son gratuitos para pedidos superiores a 850 euros, sin IVA.<\/p>\n<p>Sodibox puede rechazar pedidos inferiores a 100 euros, sin IVA, o aceptar dichos pedidos sujetos a un cargo a tanto alzado de 15 euros sin IVA.<\/p>\n<\/p>\n<p><strong>CONDICIONES DE PAGO<\/strong><\/p>\n<p>El precio es pagadero en su totalidad, mediante cheque o transferencia bancaria sin descuento, en un plazo de 30 d\u00edas a partir de la fecha de la factura, salvo acuerdo en contrario.<\/p>\n<p>En caso de impago en la fecha de vencimiento indicada en la factura enviada al Comprador, las penalizaciones por demora calculadas sobre la base del tipo de inter\u00e9s aplicado por el Banco Central Europeo a su operaci\u00f3n de re\ufb01nanciaci\u00f3n m\u00e1s reciente m\u00e1s 10 puntos porcentuales, con un m\u00ednimo de tres veces el tipo de inter\u00e9s legal, ser\u00e1n adquiridas autom\u00e1ticamente y de pleno derecho por Sodibox, sin formalidad ni aviso formal previo.<\/p>\n<p>En caso de demora en el pago, se adeudar\u00e1 autom\u00e1ticamente y sin notificaci\u00f3n previa por parte del Comprador una indemnizaci\u00f3n a tanto alzado de 40 euros en concepto de gastos de cobro. Sodibox se reserva el derecho de solicitar al Comprador una indemnizaci\u00f3n adicional si los gastos de cobro efectivamente incurridos superan este importe, previa presentaci\u00f3n de justificantes.<\/p>\n<\/p>\n<p><strong>ENTREGA<\/strong><\/p>\n<p>Sodibox s\u00f3lo se responsabiliza de la fecha de f\u00e1brica indicada en su recibo de pedido. En consecuencia, el Comprador no podr\u00e1 reclamar ninguna penalizaci\u00f3n por retraso en la entrega.<\/p>\n<p>La entrega se realizar\u00e1 en la direcci\u00f3n indicada por el Comprador en el muelle de carga o en la recepci\u00f3n, en la planta baja, sin cita previa.<\/p>\n<p>El Comprador reconoce que es responsabilidad del transportista realizar la entrega, consider\u00e1ndose que Sodibox ha cumplido con su obligaci\u00f3n de entrega una vez que ha entregado los productos pedidos al transportista, quien los ha aceptado sin reservas. Por lo tanto, el Comprador no tiene ning\u00fan recurso contra Sodibox en caso de no entrega de los productos pedidos o de da\u00f1os ocurridos durante el transporte o la descarga.<\/p>\n<p>El Comprador est\u00e1 obligado a realizar comprobaciones en el momento de la recepci\u00f3n.<\/p>\n<p>En particular, deben comprobar el estado aparente de los productos en el momento de la entrega. En caso de da\u00f1os sufridos en el embalaje, es responsabilidad del Comprador anotar las reservas en el recibo del transportista en el momento de la recepci\u00f3n de la mercanc\u00eda e informar a Sodibox por correo electr\u00f3nico en un plazo de 2 d\u00edas laborables.<\/p>\n<p>El Comprador tambi\u00e9n es responsable de verificar que la entrega se ajusta al pedido (referencia, color, cantidades, etc.). A falta de reservas expresas por parte del Comprador en un plazo de 7 d\u00edas laborables, los pedidos emitidos por Sodibox se considerar\u00e1n aceptados.<br \/>No se aceptar\u00e1 ninguna reclamaci\u00f3n como v\u00e1lida si el Comprador no cumple con estas formalidades.<\/p>\n<p>Desde el momento de la recepci\u00f3n, incluso en caso de reservas, el Comprador es responsable de hacerse cargo de la mercanc\u00eda y de almacenarla en condiciones adecuadas, por lo que es responsable de cualquier riesgo de p\u00e9rdida o deterioro.<\/p>\n<\/p>\n<p><strong>DEVOLUCIONES<\/strong><\/p>\n<p>Las devoluciones est\u00e1n sujetas a la aceptaci\u00f3n previa de Sodibox. En un plazo de 15 d\u00edas a partir de la fecha del acuerdo escrito de Sodibox especificando el importe abonado, el Comprador deber\u00e1 devolver los productos en su embalaje original corriendo con los gastos.<\/p>\n<p>El abono se establecer\u00e1 en funci\u00f3n de las cantidades de productos devueltos y de su perfecto estado de uso.<\/p>\n<\/p>\n<p><strong>RESERVA DE PROPIEDAD<\/strong><\/p>\n<p>Sodibox se reserva la propiedad de los productos vendidos hasta el pago \u00edntegro del precio por parte del Comprador, independientemente de la fecha de entrega, lo que le permite recuperar dichos productos.<\/p>\n<\/p>\n<p><strong>GARANT\u00cdA<\/strong><\/p>\n<p>Los productos entregados por Sodibox est\u00e1n cubiertos por una garant\u00eda contractual durante un periodo de 30 d\u00edas a partir de la fecha de entrega, que cubre la no conformidad de los productos con el pedido y cualquier defecto latente resultante de un defecto de material, dise\u00f1o o fabricaci\u00f3n que afecte a los productos entregados y los haga no aptos para su uso.<\/p>\n<p>Esta garant\u00eda se limita a la sustituci\u00f3n o el reembolso de los productos no conformes o defectuosos.<\/p>\n<p>Queda excluida toda garant\u00eda en caso de uso indebido, negligencia o almacenamiento inadecuado por parte del Comprador, as\u00ed como en caso de desgaste normal del Producto o fuerza mayor.<\/p>\n<p>La garant\u00eda no podr\u00e1 aplicarse si los productos han sido sometidos a un uso anormal, o han sido utilizados en condiciones diferentes de aquellas para las que fueron fabricados, en particular en caso de incumplimiento de las condiciones de uso prescritas en los documentos Sodibox vigentes en la fecha del pedido.<\/p>\n<p>Tampoco se aplica en caso de deterioro o accidente resultante de un impacto, ca\u00edda, negligencia, falta de supervisi\u00f3n o mantenimiento, o en caso de transformaci\u00f3n del producto.<\/p>\n<p>En caso de sospecha de no conformidad, el cliente debe informar inmediatamente por escrito a Sodibox, que se encargar\u00e1 del an\u00e1lisis. En caso de no conformidad comprobada, Sodibox organizar\u00e1 la retirada y la sustituci\u00f3n, siempre que los productos hayan sido almacenados en condiciones normales, en su embalaje original y no hayan sufrido ning\u00fan deterioro.<\/p>\n<\/p>\n<p><strong>ESPECIFICACIONES DEL PRODUCTO<\/strong><\/p>\n<p>Las especi\ufb01caciones t\u00e9cnicas contenidas en los documentos comerciales vigentes en el momento del pedido se dan a t\u00edtulo meramente informativo. Sujeto al cumplimiento de las especificaciones del Comprador, Sodibox se reserva el derecho de realizar modi\ufb01caciones sin previo aviso, basadas en cambios en los protocolos de fabricaci\u00f3n, propiedades de las materias primas, el programa de mejora continua, desarrollos normativos, etc.<\/p>\n<p>Es responsabilidad del Comprador hacer la elecci\u00f3n de\ufb01nitiva de las especi\ufb01caciones del producto, bas\u00e1ndose en su pleno conocimiento de sus propios requisitos de uso.<\/p>\n<p>Tambi\u00e9n es responsabilidad del Comprador asegurarse de que el uso que se hace de los productos Sodibox cumple los requisitos legales, en particular los relativos al transporte de materiales potencialmente infecciosos, la higiene, la seguridad laboral y la prevenci\u00f3n de accidentes.<\/p>\n<\/p>\n<p><strong>PROPIEDAD INTELECTUAL<\/strong><\/p>\n<p>Sodibox conserva todos los derechos de propiedad industrial e intelectual relativos a sus productos, fotos y documentaci\u00f3n t\u00e9cnica, que no podr\u00e1n ser comunicados ni ejecutados sin su autorizaci\u00f3n por escrito.<\/p>\n<\/p>\n<p><strong>CONTROVERSIAS<\/strong><\/p>\n<p>En caso de litigio, Sodibox se compromete a buscar en primer lugar una soluci\u00f3n amistosa.<\/p>\n<p>En su defecto, todos los litigios relativos a las relaciones comerciales entre Sodibox y el Comprador, incluyendo la validez del contrato, su interpretaci\u00f3n, su ejecuci\u00f3n, su resoluci\u00f3n, sus consecuencias y sus secuelas, se someter\u00e1n al Tribunal de Comercio de Quimper.<\/p>\n<\/p>\n<p><strong>ACUERDO DEL COMPRADOR<\/strong><\/p>\n<p>Las presentes condiciones generales de venta, as\u00ed como las listas de precios y ofertas comerciales en vigor en el momento del pedido, son expresamente aprobadas y aceptadas por el Comprador, que declara y reconoce tener perfecto conocimiento de las mismas, renunciando as\u00ed a invocar cualquier documento contradictorio y, en particular, sus propias condiciones generales de compra.<\/p>\n\t\t\t\t\t\t\t\t<\/div>\n\t\t\t\t<\/div>\n\t\t\t\t\t<\/div>\n\t\t<\/div>\n\t\t\t\t\t<\/div>\n\t\t<\/section>\n\t\t\t\t<\/div>\n\t\t","protected":false},"excerpt":{"rendered":"<p>Condiciones generales de venta ALCANCE Las presentes Condiciones Generales de Venta se aplican sin restricciones ni reservas a todas las ventas celebradas en Francia metropolitana (con exclusi\u00f3n de cualquier otra zona, o contrato de venta sujeto a condiciones particulares) por Sodibox a los Compradores. De conformidad con la normativa vigente, las presentes Condiciones Generales de [&hellip;]<\/p>\n","protected":false},"author":1,"featured_media":0,"parent":0,"menu_order":0,"comment_status":"closed","ping_status":"closed","template":"","meta":{"_acf_changed":false,"inline_featured_image":false,"footnotes":""},"class_list":["post-5489","page","type-page","status-publish","hentry"],"acf":[],"yoast_head":"<!-- This site is optimized with the Yoast SEO plugin v27.3 - https:\/\/yoast.com\/product\/yoast-seo-wordpress\/ -->\n<title>Condiciones generales de venta - Sodibox<\/title>\n<meta name=\"description\" content=\"Consulta nuestras condiciones generales de venta: pedidos, env\u00edos, pagos y devoluciones.\" \/>\n<meta name=\"robots\" content=\"index, follow, max-snippet:-1, max-image-preview:large, max-video-preview:-1\" \/>\n<link rel=\"canonical\" href=\"https:\/\/www.sodibox.com\/es\/condiciones-generales-de-venta\/\" \/>\n<meta property=\"og:locale\" content=\"es_ES\" \/>\n<meta property=\"og:type\" content=\"article\" \/>\n<meta property=\"og:title\" content=\"Condiciones generales de venta - Sodibox\" \/>\n<meta property=\"og:description\" content=\"Consulta nuestras condiciones generales de venta: pedidos, env\u00edos, pagos y devoluciones.\" \/>\n<meta property=\"og:url\" content=\"https:\/\/www.sodibox.com\/es\/condiciones-generales-de-venta\/\" \/>\n<meta property=\"og:site_name\" content=\"Sodibox\" \/>\n<meta property=\"article:modified_time\" content=\"2025-11-18T09:23:23+00:00\" \/>\n<meta name=\"twitter:card\" content=\"summary_large_image\" \/>\n<meta name=\"twitter:label1\" content=\"Tiempo de lectura\" \/>\n\t<meta name=\"twitter:data1\" content=\"8 minuto\" \/>\n<script type=\"application\/ld+json\" class=\"yoast-schema-graph\">{\"@context\":\"https:\\\/\\\/schema.org\",\"@graph\":[{\"@type\":\"WebPage\",\"@id\":\"https:\\\/\\\/www.sodibox.com\\\/es\\\/condiciones-generales-de-venta\\\/\",\"url\":\"https:\\\/\\\/www.sodibox.com\\\/es\\\/condiciones-generales-de-venta\\\/\",\"name\":\"Condiciones generales de venta - Sodibox\",\"isPartOf\":{\"@id\":\"https:\\\/\\\/www.sodibox.com\\\/#website\"},\"datePublished\":\"2022-10-11T12:00:58+00:00\",\"dateModified\":\"2025-11-18T09:23:23+00:00\",\"description\":\"Consulta nuestras condiciones generales de venta: pedidos, env\u00edos, pagos y devoluciones.\",\"breadcrumb\":{\"@id\":\"https:\\\/\\\/www.sodibox.com\\\/es\\\/condiciones-generales-de-venta\\\/#breadcrumb\"},\"inLanguage\":\"es\",\"potentialAction\":[{\"@type\":\"ReadAction\",\"target\":[\"https:\\\/\\\/www.sodibox.com\\\/es\\\/condiciones-generales-de-venta\\\/\"]}]},{\"@type\":\"BreadcrumbList\",\"@id\":\"https:\\\/\\\/www.sodibox.com\\\/es\\\/condiciones-generales-de-venta\\\/#breadcrumb\",\"itemListElement\":[{\"@type\":\"ListItem\",\"position\":1,\"name\":\"Accueil\",\"item\":\"https:\\\/\\\/www.sodibox.com\\\/es\\\/\"},{\"@type\":\"ListItem\",\"position\":2,\"name\":\"Condiciones generales de venta\"}]},{\"@type\":\"WebSite\",\"@id\":\"https:\\\/\\\/www.sodibox.com\\\/#website\",\"url\":\"https:\\\/\\\/www.sodibox.com\\\/\",\"name\":\"Sodibox\",\"description\":\"Fabricant de mat\u00e9riels pour pr\u00e9l\u00e8vements en biologie m\u00e9dicale, animale et alimentaire.\",\"potentialAction\":[{\"@type\":\"SearchAction\",\"target\":{\"@type\":\"EntryPoint\",\"urlTemplate\":\"https:\\\/\\\/www.sodibox.com\\\/?s={search_term_string}\"},\"query-input\":{\"@type\":\"PropertyValueSpecification\",\"valueRequired\":true,\"valueName\":\"search_term_string\"}}],\"inLanguage\":\"es\"}]}<\/script>\n<!-- \/ Yoast SEO plugin. -->","yoast_head_json":{"title":"Condiciones generales de venta - Sodibox","description":"Consulta nuestras condiciones generales de venta: pedidos, env\u00edos, pagos y devoluciones.","robots":{"index":"index","follow":"follow","max-snippet":"max-snippet:-1","max-image-preview":"max-image-preview:large","max-video-preview":"max-video-preview:-1"},"canonical":"https:\/\/www.sodibox.com\/es\/condiciones-generales-de-venta\/","og_locale":"es_ES","og_type":"article","og_title":"Condiciones generales de venta - Sodibox","og_description":"Consulta nuestras condiciones generales de venta: pedidos, env\u00edos, pagos y devoluciones.","og_url":"https:\/\/www.sodibox.com\/es\/condiciones-generales-de-venta\/","og_site_name":"Sodibox","article_modified_time":"2025-11-18T09:23:23+00:00","twitter_card":"summary_large_image","twitter_misc":{"Tiempo de lectura":"8 minuto"},"schema":{"@context":"https:\/\/schema.org","@graph":[{"@type":"WebPage","@id":"https:\/\/www.sodibox.com\/es\/condiciones-generales-de-venta\/","url":"https:\/\/www.sodibox.com\/es\/condiciones-generales-de-venta\/","name":"Condiciones generales de venta - Sodibox","isPartOf":{"@id":"https:\/\/www.sodibox.com\/#website"},"datePublished":"2022-10-11T12:00:58+00:00","dateModified":"2025-11-18T09:23:23+00:00","description":"Consulta nuestras condiciones generales de venta: pedidos, env\u00edos, pagos y devoluciones.","breadcrumb":{"@id":"https:\/\/www.sodibox.com\/es\/condiciones-generales-de-venta\/#breadcrumb"},"inLanguage":"es","potentialAction":[{"@type":"ReadAction","target":["https:\/\/www.sodibox.com\/es\/condiciones-generales-de-venta\/"]}]},{"@type":"BreadcrumbList","@id":"https:\/\/www.sodibox.com\/es\/condiciones-generales-de-venta\/#breadcrumb","itemListElement":[{"@type":"ListItem","position":1,"name":"Accueil","item":"https:\/\/www.sodibox.com\/es\/"},{"@type":"ListItem","position":2,"name":"Condiciones generales de venta"}]},{"@type":"WebSite","@id":"https:\/\/www.sodibox.com\/#website","url":"https:\/\/www.sodibox.com\/","name":"Sodibox","description":"Fabricant de mat\u00e9riels pour pr\u00e9l\u00e8vements en biologie m\u00e9dicale, animale et alimentaire.","potentialAction":[{"@type":"SearchAction","target":{"@type":"EntryPoint","urlTemplate":"https:\/\/www.sodibox.com\/?s={search_term_string}"},"query-input":{"@type":"PropertyValueSpecification","valueRequired":true,"valueName":"search_term_string"}}],"inLanguage":"es"}]}},"_links":{"self":[{"href":"https:\/\/www.sodibox.com\/es\/wp-json\/wp\/v2\/pages\/5489","targetHints":{"allow":["GET"]}}],"collection":[{"href":"https:\/\/www.sodibox.com\/es\/wp-json\/wp\/v2\/pages"}],"about":[{"href":"https:\/\/www.sodibox.com\/es\/wp-json\/wp\/v2\/types\/page"}],"author":[{"embeddable":true,"href":"https:\/\/www.sodibox.com\/es\/wp-json\/wp\/v2\/users\/1"}],"replies":[{"embeddable":true,"href":"https:\/\/www.sodibox.com\/es\/wp-json\/wp\/v2\/comments?post=5489"}],"version-history":[{"count":3,"href":"https:\/\/www.sodibox.com\/es\/wp-json\/wp\/v2\/pages\/5489\/revisions"}],"predecessor-version":[{"id":6788,"href":"https:\/\/www.sodibox.com\/es\/wp-json\/wp\/v2\/pages\/5489\/revisions\/6788"}],"wp:attachment":[{"href":"https:\/\/www.sodibox.com\/es\/wp-json\/wp\/v2\/media?parent=5489"}],"curies":[{"name":"wp","href":"https:\/\/api.w.org\/{rel}","templated":true}]}}