{"id":5334,"date":"2022-10-10T11:15:09","date_gmt":"2022-10-10T09:15:09","guid":{"rendered":"https:\/\/www.sodibox.com\/our-company\/"},"modified":"2025-11-18T11:26:20","modified_gmt":"2025-11-18T10:26:20","slug":"our-company","status":"publish","type":"page","link":"https:\/\/www.sodibox.com\/en\/our-company\/","title":{"rendered":"Our Company"},"content":{"rendered":"\t\t<div data-elementor-type=\"wp-page\" data-elementor-id=\"5334\" class=\"elementor elementor-5334\" data-elementor-post-type=\"page\">\n\t\t\t\t\t\t<section class=\"elementor-section elementor-top-section elementor-element elementor-element-61e3b8e elementor-section-boxed elementor-section-height-default elementor-section-height-default\" data-id=\"61e3b8e\" data-element_type=\"section\" data-e-type=\"section\">\n\t\t\t\t\t\t<div class=\"elementor-container elementor-column-gap-no\">\n\t\t\t\t\t<div class=\"elementor-column elementor-col-100 elementor-top-column elementor-element elementor-element-b2ea9f3\" data-id=\"b2ea9f3\" data-element_type=\"column\" data-e-type=\"column\">\n\t\t\t<div class=\"elementor-widget-wrap elementor-element-populated\">\n\t\t\t\t\t\t<div class=\"elementor-element elementor-element-414e63a elementor-hidden-tablet elementor-hidden-mobile elementor-widget-tablet__width-initial elementor-widget elementor-widget-image\" data-id=\"414e63a\" data-element_type=\"widget\" data-e-type=\"widget\" data-widget_type=\"image.default\">\n\t\t\t\t<div class=\"elementor-widget-container\">\n\t\t\t\t\t\t\t\t\t\t\t\t\t\t\t<img fetchpriority=\"high\" decoding=\"async\" width=\"1024\" height=\"303\" src=\"https:\/\/www.sodibox.com\/wp-content\/uploads\/2023\/02\/14.6.082-1024x303.jpg\" class=\"attachment-large size-large wp-image-4916\" alt=\"Locaux de Sodibox \u00e0 N\u00e9vez, en Bretagne, entreprise fran\u00e7aise sp\u00e9cialis\u00e9e dans la fabrication d\u2019emballages innovants, o\u00f9 travaillent l\u2019ensemble des \u00e9quipes de production, commerciales et administratives, dans un b\u00e2timent moderne entour\u00e9 de verdure.\" srcset=\"https:\/\/www.sodibox.com\/wp-content\/uploads\/2023\/02\/14.6.082-1024x303.jpg 1024w, https:\/\/www.sodibox.com\/wp-content\/uploads\/2023\/02\/14.6.082-300x89.jpg 300w, https:\/\/www.sodibox.com\/wp-content\/uploads\/2023\/02\/14.6.082-768x228.jpg 768w, https:\/\/www.sodibox.com\/wp-content\/uploads\/2023\/02\/14.6.082-1536x455.jpg 1536w, https:\/\/www.sodibox.com\/wp-content\/uploads\/2023\/02\/14.6.082-2048x607.jpg 2048w, https:\/\/www.sodibox.com\/wp-content\/uploads\/2023\/02\/14.6.082-600x178.jpg 600w\" sizes=\"(max-width: 1024px) 100vw, 1024px\" \/>\t\t\t\t\t\t\t\t\t\t\t\t\t\t\t<\/div>\n\t\t\t\t<\/div>\n\t\t\t\t\t<\/div>\n\t\t<\/div>\n\t\t\t\t\t<\/div>\n\t\t<\/section>\n\t\t\t\t<section class=\"elementor-section elementor-top-section elementor-element elementor-element-e42e9d3 elementor-section-boxed elementor-section-height-default elementor-section-height-default\" data-id=\"e42e9d3\" data-element_type=\"section\" data-e-type=\"section\">\n\t\t\t\t\t\t<div class=\"elementor-container elementor-column-gap-default\">\n\t\t\t\t\t<div class=\"elementor-column elementor-col-100 elementor-top-column elementor-element elementor-element-16debc3\" data-id=\"16debc3\" data-element_type=\"column\" data-e-type=\"column\">\n\t\t\t<div class=\"elementor-widget-wrap elementor-element-populated\">\n\t\t\t\t\t\t<div class=\"elementor-element elementor-element-0409321 elementor-widget elementor-widget-breadcrumbs\" data-id=\"0409321\" data-element_type=\"widget\" data-e-type=\"widget\" data-widget_type=\"breadcrumbs.default\">\n\t\t\t\t<div class=\"elementor-widget-container\">\n\t\t\t\t\t<p id=\"breadcrumbs\"><span><span><a href=\"https:\/\/www.sodibox.com\/en\/home\/\">Accueil<\/a><\/span><\/span><\/p>\t\t\t\t<\/div>\n\t\t\t\t<\/div>\n\t\t\t\t\t<\/div>\n\t\t<\/div>\n\t\t\t\t\t<\/div>\n\t\t<\/section>\n\t\t\t\t<section class=\"elementor-section elementor-top-section elementor-element elementor-element-a5e9433 elementor-section-boxed elementor-section-height-default elementor-section-height-default\" data-id=\"a5e9433\" data-element_type=\"section\" data-e-type=\"section\">\n\t\t\t\t\t\t<div class=\"elementor-container elementor-column-gap-no\">\n\t\t\t\t\t<div class=\"elementor-column elementor-col-100 elementor-top-column elementor-element elementor-element-686623c\" data-id=\"686623c\" data-element_type=\"column\" data-e-type=\"column\">\n\t\t\t<div class=\"elementor-widget-wrap elementor-element-populated\">\n\t\t\t\t\t\t<div class=\"elementor-element elementor-element-47a7f06 elementor-widget__width-initial elementor-widget elementor-widget-heading\" data-id=\"47a7f06\" data-element_type=\"widget\" data-e-type=\"widget\" data-widget_type=\"heading.default\">\n\t\t\t\t<div class=\"elementor-widget-container\">\n\t\t\t\t\t<h1 class=\"elementor-heading-title elementor-size-default\">Who we are<\/h1>\t\t\t\t<\/div>\n\t\t\t\t<\/div>\n\t\t\t\t\t<\/div>\n\t\t<\/div>\n\t\t\t\t\t<\/div>\n\t\t<\/section>\n\t\t\t\t<section class=\"elementor-section elementor-top-section elementor-element elementor-element-d2d81cd elementor-section-full_width elementor-section-height-default elementor-section-height-default\" data-id=\"d2d81cd\" data-element_type=\"section\" data-e-type=\"section\">\n\t\t\t\t\t\t<div class=\"elementor-container elementor-column-gap-custom\">\n\t\t\t\t\t<div class=\"elementor-column elementor-col-100 elementor-top-column elementor-element elementor-element-b316087\" data-id=\"b316087\" data-element_type=\"column\" data-e-type=\"column\">\n\t\t\t<div class=\"elementor-widget-wrap elementor-element-populated\">\n\t\t\t\t\t\t<div class=\"elementor-element elementor-element-b0c1567 elementor-widget elementor-widget-spacer\" data-id=\"b0c1567\" data-element_type=\"widget\" data-e-type=\"widget\" data-widget_type=\"spacer.default\">\n\t\t\t\t<div class=\"elementor-widget-container\">\n\t\t\t\t\t\t\t<div class=\"elementor-spacer\">\n\t\t\t<div class=\"elementor-spacer-inner\"><\/div>\n\t\t<\/div>\n\t\t\t\t\t\t<\/div>\n\t\t\t\t<\/div>\n\t\t\t\t\t<\/div>\n\t\t<\/div>\n\t\t\t\t\t<\/div>\n\t\t<\/section>\n\t\t\t\t<section class=\"elementor-section elementor-top-section elementor-element elementor-element-cdf128d elementor-section-boxed elementor-section-height-default elementor-section-height-default\" data-id=\"cdf128d\" data-element_type=\"section\" data-e-type=\"section\">\n\t\t\t\t\t\t<div class=\"elementor-container elementor-column-gap-no\">\n\t\t\t\t\t<div class=\"elementor-column elementor-col-50 elementor-top-column elementor-element elementor-element-59eeb86\" data-id=\"59eeb86\" data-element_type=\"column\" data-e-type=\"column\">\n\t\t\t<div class=\"elementor-widget-wrap elementor-element-populated\">\n\t\t\t\t\t\t<div class=\"elementor-element elementor-element-d65ff7d elementor-widget__width-initial elementor-widget elementor-widget-heading\" data-id=\"d65ff7d\" data-element_type=\"widget\" data-e-type=\"widget\" data-widget_type=\"heading.default\">\n\t\t\t\t<div class=\"elementor-widget-container\">\n\t\t\t\t\t<h2 class=\"elementor-heading-title elementor-size-default\">Our history<\/h2>\t\t\t\t<\/div>\n\t\t\t\t<\/div>\n\t\t\t\t\t<\/div>\n\t\t<\/div>\n\t\t\t\t<div class=\"elementor-column elementor-col-50 elementor-top-column elementor-element elementor-element-fa40057\" data-id=\"fa40057\" data-element_type=\"column\" data-e-type=\"column\">\n\t\t\t<div class=\"elementor-widget-wrap elementor-element-populated\">\n\t\t\t\t\t\t\t<\/div>\n\t\t<\/div>\n\t\t\t\t\t<\/div>\n\t\t<\/section>\n\t\t\t\t<section class=\"elementor-section elementor-top-section elementor-element elementor-element-fee6833 elementor-section-boxed elementor-section-height-default elementor-section-height-default\" data-id=\"fee6833\" data-element_type=\"section\" data-e-type=\"section\">\n\t\t\t\t\t\t<div class=\"elementor-container elementor-column-gap-default\">\n\t\t\t\t\t<div class=\"elementor-column elementor-col-100 elementor-top-column elementor-element elementor-element-18f18f1\" data-id=\"18f18f1\" data-element_type=\"column\" data-e-type=\"column\">\n\t\t\t<div class=\"elementor-widget-wrap elementor-element-populated\">\n\t\t\t\t\t\t<div class=\"elementor-element elementor-element-89632ff elementor-widget elementor-widget-text-editor\" data-id=\"89632ff\" data-element_type=\"widget\" data-e-type=\"widget\" data-widget_type=\"text-editor.default\">\n\t\t\t\t<div class=\"elementor-widget-container\">\n\t\t\t\t\t\t\t\t\t<p style=\"text-align: justify;\">Founded in 1983, <b>Sodi<\/b>Box is based in Brittany, a region known for its diversity of companies and players in the food and livestock production sectors.<\/p><p style=\"text-align: justify;\">Our company has grown from its initial activity of manufacturing <a href=\"https:\/\/www.sodibox.com\/en\/product-category\/transport-kits\/sodilock-accessories\/\">transport boxes for biological samples<\/a> destined for medical laboratories, diversifying in the 2000s to meet new expectations, particularly in terms of sterile devices for microbiological testing.<\/p><p style=\"text-align: justify;\">Here at <b>Sodi<\/b>Box, we value listening to our customers and bringing innovative solutions to food manufacturers and veterinary laboratory networks. We have designed products to standardize testing methods and ensure the reliability of analysis results.<\/p><p style=\"text-align: justify;\">In collaboration with various scientific bodies, manufacturers, laboratories and industry players, the <b>Sodi<\/b>Box team has contributed to improving the quality of microbiological and sanitary control thanks to its sterile surface sampling devices: <a href=\"https:\/\/www.sodibox.com\/en\/product-category\/sterile-kits\/sampling-cloth\/\">sampling wipes<\/a>, St\u00e9risox\u00ae <a href=\"https:\/\/www.sodibox.com\/en\/product-category\/sterile-kits\/sterisox-en\/\">sampling booties<\/a> and <a href=\"https:\/\/www.sodibox.com\/en\/product-category\/sterile-kits\/sampling-sponge\/\">sampling sponges<\/a>.<\/p><p style=\"text-align: justify;\"><b>Sodi<\/b>Box has been committed to continuous improvement for many years and<strong>\u00a0<\/strong>since 2003 has been providing peace of mind to all its clients by ensuring rigorous compliance with ISO 9001 requirements, recognized through certification across all its activities and manufacturing processes which is renewed yearly.<\/p><p style=\"text-align: justify;\">For almost 40 years, <b>Sodi<\/b>Box has been constantly striving to meet the expectations of its customers in over 30 countries. The company has continued to develop its product range, taking into account the latest regulatory requirements, while maintaining user-friendliness.<\/p>\t\t\t\t\t\t\t\t<\/div>\n\t\t\t\t<\/div>\n\t\t\t\t\t<\/div>\n\t\t<\/div>\n\t\t\t\t\t<\/div>\n\t\t<\/section>\n\t\t\t\t<section class=\"elementor-section elementor-top-section elementor-element elementor-element-48f3531 elementor-section-full_width elementor-section-height-default elementor-section-height-default\" data-id=\"48f3531\" data-element_type=\"section\" data-e-type=\"section\">\n\t\t\t\t\t\t<div class=\"elementor-container elementor-column-gap-no\">\n\t\t\t\t\t<div class=\"elementor-column elementor-col-100 elementor-top-column elementor-element elementor-element-a14ebc3\" data-id=\"a14ebc3\" data-element_type=\"column\" data-e-type=\"column\">\n\t\t\t<div class=\"elementor-widget-wrap elementor-element-populated\">\n\t\t\t\t\t\t<div class=\"elementor-element elementor-element-d3f5e07 elementor-widget elementor-widget-spacer\" data-id=\"d3f5e07\" data-element_type=\"widget\" data-e-type=\"widget\" data-widget_type=\"spacer.default\">\n\t\t\t\t<div class=\"elementor-widget-container\">\n\t\t\t\t\t\t\t<div class=\"elementor-spacer\">\n\t\t\t<div class=\"elementor-spacer-inner\"><\/div>\n\t\t<\/div>\n\t\t\t\t\t\t<\/div>\n\t\t\t\t<\/div>\n\t\t\t\t\t<\/div>\n\t\t<\/div>\n\t\t\t\t\t<\/div>\n\t\t<\/section>\n\t\t\t\t<section class=\"elementor-section elementor-top-section elementor-element elementor-element-7f8fbc1 elementor-section-boxed elementor-section-height-default elementor-section-height-default\" data-id=\"7f8fbc1\" data-element_type=\"section\" data-e-type=\"section\" data-settings=\"{&quot;background_background&quot;:&quot;classic&quot;}\">\n\t\t\t\t\t\t<div class=\"elementor-container elementor-column-gap-default\">\n\t\t\t\t\t<div class=\"elementor-column elementor-col-100 elementor-top-column elementor-element elementor-element-9dd3fe4\" data-id=\"9dd3fe4\" data-element_type=\"column\" data-e-type=\"column\">\n\t\t\t<div class=\"elementor-widget-wrap elementor-element-populated\">\n\t\t\t\t\t\t<section class=\"elementor-section elementor-inner-section elementor-element elementor-element-e48fefc elementor-section-content-middle elementor-section-boxed elementor-section-height-default elementor-section-height-default\" data-id=\"e48fefc\" data-element_type=\"section\" data-e-type=\"section\">\n\t\t\t\t\t\t<div class=\"elementor-container elementor-column-gap-no\">\n\t\t\t\t\t<div class=\"elementor-column elementor-col-100 elementor-inner-column elementor-element elementor-element-d578222\" data-id=\"d578222\" data-element_type=\"column\" data-e-type=\"column\">\n\t\t\t<div class=\"elementor-widget-wrap elementor-element-populated\">\n\t\t\t\t\t\t<div class=\"elementor-element elementor-element-bee1a2e elementor-widget__width-initial elementor-widget elementor-widget-heading\" data-id=\"bee1a2e\" data-element_type=\"widget\" data-e-type=\"widget\" data-widget_type=\"heading.default\">\n\t\t\t\t<div class=\"elementor-widget-container\">\n\t\t\t\t\t<h2 class=\"elementor-heading-title elementor-size-default\">Our values<\/h2>\t\t\t\t<\/div>\n\t\t\t\t<\/div>\n\t\t\t\t<div class=\"elementor-element elementor-element-230a4c4 elementor-widget elementor-widget-spacer\" data-id=\"230a4c4\" data-element_type=\"widget\" data-e-type=\"widget\" data-widget_type=\"spacer.default\">\n\t\t\t\t<div class=\"elementor-widget-container\">\n\t\t\t\t\t\t\t<div class=\"elementor-spacer\">\n\t\t\t<div class=\"elementor-spacer-inner\"><\/div>\n\t\t<\/div>\n\t\t\t\t\t\t<\/div>\n\t\t\t\t<\/div>\n\t\t\t\t<div class=\"elementor-element elementor-element-fb4381e elementor-widget__width-initial elementor-widget elementor-widget-text-editor\" data-id=\"fb4381e\" data-element_type=\"widget\" data-e-type=\"widget\" data-widget_type=\"text-editor.default\">\n\t\t\t\t<div class=\"elementor-widget-container\">\n\t\t\t\t\t\t\t\t\t<p>Sodibox is a family-run business with a strong presence in France and abroad, thanks to a team of around thirty people who are fully committed every day to designing and delivering the best possible products and services to our customers.<\/p><p>We are recognized for our rigor, our responsiveness and our ability to innovate and create high-quality products, our team is committed to listening to our customers and meeting their expectations.<\/p><p>We seek to build long-term relationships of trust with all our partners. We&#8217;re proud of our roots and where we come from.<\/p><p>Choosing to work with Sodibox is choosing technical expertise with a personal touch.<\/p>\t\t\t\t\t\t\t\t<\/div>\n\t\t\t\t<\/div>\n\t\t\t\t\t<\/div>\n\t\t<\/div>\n\t\t\t\t\t<\/div>\n\t\t<\/section>\n\t\t\t\t\t<\/div>\n\t\t<\/div>\n\t\t\t\t\t<\/div>\n\t\t<\/section>\n\t\t\t\t<section class=\"elementor-section elementor-top-section elementor-element elementor-element-1d3ccbc elementor-section-full_width elementor-section-height-default elementor-section-height-default\" data-id=\"1d3ccbc\" data-element_type=\"section\" data-e-type=\"section\">\n\t\t\t\t\t\t<div class=\"elementor-container elementor-column-gap-no\">\n\t\t\t\t\t<div class=\"elementor-column elementor-col-100 elementor-top-column elementor-element elementor-element-9ee3f0d\" data-id=\"9ee3f0d\" data-element_type=\"column\" data-e-type=\"column\">\n\t\t\t<div class=\"elementor-widget-wrap elementor-element-populated\">\n\t\t\t\t\t\t<div class=\"elementor-element elementor-element-f1aa4ee elementor-widget elementor-widget-spacer\" data-id=\"f1aa4ee\" data-element_type=\"widget\" data-e-type=\"widget\" data-widget_type=\"spacer.default\">\n\t\t\t\t<div class=\"elementor-widget-container\">\n\t\t\t\t\t\t\t<div class=\"elementor-spacer\">\n\t\t\t<div class=\"elementor-spacer-inner\"><\/div>\n\t\t<\/div>\n\t\t\t\t\t\t<\/div>\n\t\t\t\t<\/div>\n\t\t\t\t\t<\/div>\n\t\t<\/div>\n\t\t\t\t\t<\/div>\n\t\t<\/section>\n\t\t\t\t<section class=\"elementor-section elementor-top-section elementor-element elementor-element-bfc55ba elementor-section-boxed elementor-section-height-default elementor-section-height-default\" data-id=\"bfc55ba\" data-element_type=\"section\" data-e-type=\"section\">\n\t\t\t\t\t\t<div class=\"elementor-container elementor-column-gap-default\">\n\t\t\t\t\t<div class=\"elementor-column elementor-col-100 elementor-top-column elementor-element elementor-element-9bb5ab9\" data-id=\"9bb5ab9\" data-element_type=\"column\" data-e-type=\"column\">\n\t\t\t<div class=\"elementor-widget-wrap elementor-element-populated\">\n\t\t\t\t\t\t<div class=\"elementor-element elementor-element-0719445 elementor-widget elementor-widget-spacer\" data-id=\"0719445\" data-element_type=\"widget\" data-e-type=\"widget\" data-widget_type=\"spacer.default\">\n\t\t\t\t<div class=\"elementor-widget-container\">\n\t\t\t\t\t\t\t<div class=\"elementor-spacer\">\n\t\t\t<div class=\"elementor-spacer-inner\"><\/div>\n\t\t<\/div>\n\t\t\t\t\t\t<\/div>\n\t\t\t\t<\/div>\n\t\t\t\t\t<\/div>\n\t\t<\/div>\n\t\t\t\t\t<\/div>\n\t\t<\/section>\n\t\t\t\t<\/div>\n\t\t","protected":false},"excerpt":{"rendered":"<p>Who we are Our history Founded in 1983, SodiBox is based in Brittany, a region known for its diversity of companies and players in the food and livestock production sectors. Our company has grown from its initial activity of manufacturing transport boxes for biological samples destined for medical laboratories, diversifying in the 2000s to meet [&hellip;]<\/p>\n","protected":false},"author":1,"featured_media":0,"parent":0,"menu_order":0,"comment_status":"closed","ping_status":"closed","template":"","meta":{"_acf_changed":false,"inline_featured_image":false,"footnotes":""},"class_list":["post-5334","page","type-page","status-publish","hentry"],"acf":[],"yoast_head":"<!-- This site is optimized with the Yoast SEO plugin v27.3 - https:\/\/yoast.com\/product\/yoast-seo-wordpress\/ -->\n<title>Supplier of laboratory equipment, scientific equipment<\/title>\n<meta name=\"description\" content=\"Sodibox specializes in the manufacture of biological sample transport boxes for medical laboratories. Contact us now!\" \/>\n<meta name=\"robots\" content=\"index, follow, max-snippet:-1, max-image-preview:large, max-video-preview:-1\" \/>\n<link rel=\"canonical\" href=\"https:\/\/www.sodibox.com\/en\/our-company\/\" \/>\n<meta property=\"og:locale\" content=\"en_US\" \/>\n<meta property=\"og:type\" content=\"article\" \/>\n<meta property=\"og:title\" content=\"Supplier of laboratory equipment, scientific equipment\" \/>\n<meta property=\"og:description\" content=\"Sodibox specializes in the manufacture of biological sample transport boxes for medical laboratories. Contact us now!\" \/>\n<meta property=\"og:url\" content=\"https:\/\/www.sodibox.com\/en\/our-company\/\" \/>\n<meta property=\"og:site_name\" content=\"Sodibox\" \/>\n<meta property=\"article:modified_time\" content=\"2025-11-18T10:26:20+00:00\" \/>\n<meta property=\"og:image\" content=\"https:\/\/www.sodibox.com\/wp-content\/uploads\/2023\/02\/14.6.082-1024x303.jpg\" \/>\n<meta name=\"twitter:card\" content=\"summary_large_image\" \/>\n<meta name=\"twitter:label1\" content=\"Est. reading time\" \/>\n\t<meta name=\"twitter:data1\" content=\"2 minutes\" \/>\n<script type=\"application\/ld+json\" class=\"yoast-schema-graph\">{\"@context\":\"https:\\\/\\\/schema.org\",\"@graph\":[{\"@type\":\"WebPage\",\"@id\":\"https:\\\/\\\/www.sodibox.com\\\/en\\\/our-company\\\/\",\"url\":\"https:\\\/\\\/www.sodibox.com\\\/en\\\/our-company\\\/\",\"name\":\"Supplier of laboratory equipment, scientific equipment\",\"isPartOf\":{\"@id\":\"https:\\\/\\\/www.sodibox.com\\\/#website\"},\"primaryImageOfPage\":{\"@id\":\"https:\\\/\\\/www.sodibox.com\\\/en\\\/our-company\\\/#primaryimage\"},\"image\":{\"@id\":\"https:\\\/\\\/www.sodibox.com\\\/en\\\/our-company\\\/#primaryimage\"},\"thumbnailUrl\":\"https:\\\/\\\/www.sodibox.com\\\/wp-content\\\/uploads\\\/2023\\\/02\\\/14.6.082-1024x303.jpg\",\"datePublished\":\"2022-10-10T09:15:09+00:00\",\"dateModified\":\"2025-11-18T10:26:20+00:00\",\"description\":\"Sodibox specializes in the manufacture of biological sample transport boxes for medical laboratories. Contact us now!\",\"breadcrumb\":{\"@id\":\"https:\\\/\\\/www.sodibox.com\\\/en\\\/our-company\\\/#breadcrumb\"},\"inLanguage\":\"en-US\",\"potentialAction\":[{\"@type\":\"ReadAction\",\"target\":[\"https:\\\/\\\/www.sodibox.com\\\/en\\\/our-company\\\/\"]}]},{\"@type\":\"ImageObject\",\"inLanguage\":\"en-US\",\"@id\":\"https:\\\/\\\/www.sodibox.com\\\/en\\\/our-company\\\/#primaryimage\",\"url\":\"https:\\\/\\\/www.sodibox.com\\\/wp-content\\\/uploads\\\/2023\\\/02\\\/14.6.082-1024x303.jpg\",\"contentUrl\":\"https:\\\/\\\/www.sodibox.com\\\/wp-content\\\/uploads\\\/2023\\\/02\\\/14.6.082-1024x303.jpg\"},{\"@type\":\"BreadcrumbList\",\"@id\":\"https:\\\/\\\/www.sodibox.com\\\/en\\\/our-company\\\/#breadcrumb\",\"itemListElement\":[{\"@type\":\"ListItem\",\"position\":1,\"name\":\"Accueil\",\"item\":\"https:\\\/\\\/www.sodibox.com\\\/en\\\/home\\\/\"},{\"@type\":\"ListItem\",\"position\":2,\"name\":\"Our Company\"}]},{\"@type\":\"WebSite\",\"@id\":\"https:\\\/\\\/www.sodibox.com\\\/#website\",\"url\":\"https:\\\/\\\/www.sodibox.com\\\/\",\"name\":\"Sodibox\",\"description\":\"Fabricant de mat\u00e9riels pour pr\u00e9l\u00e8vements en biologie m\u00e9dicale, animale et alimentaire.\",\"potentialAction\":[{\"@type\":\"SearchAction\",\"target\":{\"@type\":\"EntryPoint\",\"urlTemplate\":\"https:\\\/\\\/www.sodibox.com\\\/?s={search_term_string}\"},\"query-input\":{\"@type\":\"PropertyValueSpecification\",\"valueRequired\":true,\"valueName\":\"search_term_string\"}}],\"inLanguage\":\"en-US\"}]}<\/script>\n<!-- \/ Yoast SEO plugin. -->","yoast_head_json":{"title":"Supplier of laboratory equipment, scientific equipment","description":"Sodibox specializes in the manufacture of biological sample transport boxes for medical laboratories. Contact us now!","robots":{"index":"index","follow":"follow","max-snippet":"max-snippet:-1","max-image-preview":"max-image-preview:large","max-video-preview":"max-video-preview:-1"},"canonical":"https:\/\/www.sodibox.com\/en\/our-company\/","og_locale":"en_US","og_type":"article","og_title":"Supplier of laboratory equipment, scientific equipment","og_description":"Sodibox specializes in the manufacture of biological sample transport boxes for medical laboratories. Contact us now!","og_url":"https:\/\/www.sodibox.com\/en\/our-company\/","og_site_name":"Sodibox","article_modified_time":"2025-11-18T10:26:20+00:00","og_image":[{"url":"https:\/\/www.sodibox.com\/wp-content\/uploads\/2023\/02\/14.6.082-1024x303.jpg","type":"","width":"","height":""}],"twitter_card":"summary_large_image","twitter_misc":{"Est. reading time":"2 minutes"},"schema":{"@context":"https:\/\/schema.org","@graph":[{"@type":"WebPage","@id":"https:\/\/www.sodibox.com\/en\/our-company\/","url":"https:\/\/www.sodibox.com\/en\/our-company\/","name":"Supplier of laboratory equipment, scientific equipment","isPartOf":{"@id":"https:\/\/www.sodibox.com\/#website"},"primaryImageOfPage":{"@id":"https:\/\/www.sodibox.com\/en\/our-company\/#primaryimage"},"image":{"@id":"https:\/\/www.sodibox.com\/en\/our-company\/#primaryimage"},"thumbnailUrl":"https:\/\/www.sodibox.com\/wp-content\/uploads\/2023\/02\/14.6.082-1024x303.jpg","datePublished":"2022-10-10T09:15:09+00:00","dateModified":"2025-11-18T10:26:20+00:00","description":"Sodibox specializes in the manufacture of biological sample transport boxes for medical laboratories. Contact us now!","breadcrumb":{"@id":"https:\/\/www.sodibox.com\/en\/our-company\/#breadcrumb"},"inLanguage":"en-US","potentialAction":[{"@type":"ReadAction","target":["https:\/\/www.sodibox.com\/en\/our-company\/"]}]},{"@type":"ImageObject","inLanguage":"en-US","@id":"https:\/\/www.sodibox.com\/en\/our-company\/#primaryimage","url":"https:\/\/www.sodibox.com\/wp-content\/uploads\/2023\/02\/14.6.082-1024x303.jpg","contentUrl":"https:\/\/www.sodibox.com\/wp-content\/uploads\/2023\/02\/14.6.082-1024x303.jpg"},{"@type":"BreadcrumbList","@id":"https:\/\/www.sodibox.com\/en\/our-company\/#breadcrumb","itemListElement":[{"@type":"ListItem","position":1,"name":"Accueil","item":"https:\/\/www.sodibox.com\/en\/home\/"},{"@type":"ListItem","position":2,"name":"Our Company"}]},{"@type":"WebSite","@id":"https:\/\/www.sodibox.com\/#website","url":"https:\/\/www.sodibox.com\/","name":"Sodibox","description":"Fabricant de mat\u00e9riels pour pr\u00e9l\u00e8vements en biologie m\u00e9dicale, animale et alimentaire.","potentialAction":[{"@type":"SearchAction","target":{"@type":"EntryPoint","urlTemplate":"https:\/\/www.sodibox.com\/?s={search_term_string}"},"query-input":{"@type":"PropertyValueSpecification","valueRequired":true,"valueName":"search_term_string"}}],"inLanguage":"en-US"}]}},"_links":{"self":[{"href":"https:\/\/www.sodibox.com\/en\/wp-json\/wp\/v2\/pages\/5334","targetHints":{"allow":["GET"]}}],"collection":[{"href":"https:\/\/www.sodibox.com\/en\/wp-json\/wp\/v2\/pages"}],"about":[{"href":"https:\/\/www.sodibox.com\/en\/wp-json\/wp\/v2\/types\/page"}],"author":[{"embeddable":true,"href":"https:\/\/www.sodibox.com\/en\/wp-json\/wp\/v2\/users\/1"}],"replies":[{"embeddable":true,"href":"https:\/\/www.sodibox.com\/en\/wp-json\/wp\/v2\/comments?post=5334"}],"version-history":[{"count":21,"href":"https:\/\/www.sodibox.com\/en\/wp-json\/wp\/v2\/pages\/5334\/revisions"}],"predecessor-version":[{"id":6792,"href":"https:\/\/www.sodibox.com\/en\/wp-json\/wp\/v2\/pages\/5334\/revisions\/6792"}],"wp:attachment":[{"href":"https:\/\/www.sodibox.com\/en\/wp-json\/wp\/v2\/media?parent=5334"}],"curies":[{"name":"wp","href":"https:\/\/api.w.org\/{rel}","templated":true}]}}