{"id":5332,"date":"2022-10-10T15:45:03","date_gmt":"2022-10-10T13:45:03","guid":{"rendered":"https:\/\/www.sodibox.com\/contact\/"},"modified":"2025-11-18T10:39:03","modified_gmt":"2025-11-18T09:39:03","slug":"contact-en","status":"publish","type":"page","link":"https:\/\/www.sodibox.com\/en\/contact-en\/","title":{"rendered":"Contact"},"content":{"rendered":"\t\t<div data-elementor-type=\"wp-page\" data-elementor-id=\"5332\" class=\"elementor elementor-5332 elementor-222\" data-elementor-post-type=\"page\">\n\t\t\t\t\t\t<section class=\"elementor-section elementor-top-section elementor-element elementor-element-94a989f elementor-section-full_width elementor-section-height-default elementor-section-height-default\" data-id=\"94a989f\" data-element_type=\"section\" data-e-type=\"section\">\n\t\t\t\t\t\t<div class=\"elementor-container elementor-column-gap-no\">\n\t\t\t\t\t<div class=\"elementor-column elementor-col-100 elementor-top-column elementor-element elementor-element-d5b66b1\" data-id=\"d5b66b1\" data-element_type=\"column\" data-e-type=\"column\">\n\t\t\t<div class=\"elementor-widget-wrap elementor-element-populated\">\n\t\t\t\t\t\t<div class=\"elementor-element elementor-element-0c7ec33 elementor-widget-divider--view-line elementor-widget elementor-widget-divider\" data-id=\"0c7ec33\" data-element_type=\"widget\" data-e-type=\"widget\" data-widget_type=\"divider.default\">\n\t\t\t\t<div class=\"elementor-widget-container\">\n\t\t\t\t\t\t\t<div class=\"elementor-divider\">\n\t\t\t<span class=\"elementor-divider-separator\">\n\t\t\t\t\t\t<\/span>\n\t\t<\/div>\n\t\t\t\t\t\t<\/div>\n\t\t\t\t<\/div>\n\t\t\t\t\t<\/div>\n\t\t<\/div>\n\t\t\t\t\t<\/div>\n\t\t<\/section>\n\t\t\t\t<section class=\"elementor-section elementor-top-section elementor-element elementor-element-1fd3aaa elementor-section-full_width elementor-section-height-default elementor-section-height-default\" data-id=\"1fd3aaa\" data-element_type=\"section\" data-e-type=\"section\">\n\t\t\t\t\t\t<div class=\"elementor-container elementor-column-gap-no\">\n\t\t\t\t\t<div class=\"elementor-column elementor-col-100 elementor-top-column elementor-element elementor-element-2355e6f\" data-id=\"2355e6f\" data-element_type=\"column\" data-e-type=\"column\">\n\t\t\t<div class=\"elementor-widget-wrap elementor-element-populated\">\n\t\t\t\t\t\t<div class=\"elementor-element elementor-element-8f3dafe elementor-widget elementor-widget-spacer\" data-id=\"8f3dafe\" data-element_type=\"widget\" data-e-type=\"widget\" data-widget_type=\"spacer.default\">\n\t\t\t\t<div class=\"elementor-widget-container\">\n\t\t\t\t\t\t\t<div class=\"elementor-spacer\">\n\t\t\t<div class=\"elementor-spacer-inner\"><\/div>\n\t\t<\/div>\n\t\t\t\t\t\t<\/div>\n\t\t\t\t<\/div>\n\t\t\t\t\t<\/div>\n\t\t<\/div>\n\t\t\t\t\t<\/div>\n\t\t<\/section>\n\t\t\t\t<section class=\"elementor-section elementor-top-section elementor-element elementor-element-263b710 elementor-section-boxed elementor-section-height-default elementor-section-height-default\" data-id=\"263b710\" data-element_type=\"section\" data-e-type=\"section\">\n\t\t\t\t\t\t<div class=\"elementor-container elementor-column-gap-no\">\n\t\t\t\t\t<div class=\"elementor-column elementor-col-100 elementor-top-column elementor-element elementor-element-52fb65d\" data-id=\"52fb65d\" data-element_type=\"column\" data-e-type=\"column\">\n\t\t\t<div class=\"elementor-widget-wrap elementor-element-populated\">\n\t\t\t\t\t\t<div class=\"elementor-element elementor-element-ee0795a elementor-widget elementor-widget-heading\" data-id=\"ee0795a\" data-element_type=\"widget\" data-e-type=\"widget\" data-widget_type=\"heading.default\">\n\t\t\t\t<div class=\"elementor-widget-container\">\n\t\t\t\t\t<h1 class=\"elementor-heading-title elementor-size-default\">Contact us<\/h1>\t\t\t\t<\/div>\n\t\t\t\t<\/div>\n\t\t\t\t\t<\/div>\n\t\t<\/div>\n\t\t\t\t\t<\/div>\n\t\t<\/section>\n\t\t\t\t<section class=\"elementor-section elementor-top-section elementor-element elementor-element-4b3de42 elementor-section-full_width elementor-section-height-default elementor-section-height-default\" data-id=\"4b3de42\" data-element_type=\"section\" data-e-type=\"section\">\n\t\t\t\t\t\t<div class=\"elementor-container elementor-column-gap-no\">\n\t\t\t\t\t<div class=\"elementor-column elementor-col-100 elementor-top-column elementor-element elementor-element-69d669e\" data-id=\"69d669e\" data-element_type=\"column\" data-e-type=\"column\">\n\t\t\t<div class=\"elementor-widget-wrap elementor-element-populated\">\n\t\t\t\t\t\t<div class=\"elementor-element elementor-element-b189dd2 elementor-widget elementor-widget-spacer\" data-id=\"b189dd2\" data-element_type=\"widget\" data-e-type=\"widget\" data-widget_type=\"spacer.default\">\n\t\t\t\t<div class=\"elementor-widget-container\">\n\t\t\t\t\t\t\t<div class=\"elementor-spacer\">\n\t\t\t<div class=\"elementor-spacer-inner\"><\/div>\n\t\t<\/div>\n\t\t\t\t\t\t<\/div>\n\t\t\t\t<\/div>\n\t\t\t\t\t<\/div>\n\t\t<\/div>\n\t\t\t\t\t<\/div>\n\t\t<\/section>\n\t\t\t\t<section class=\"elementor-section elementor-top-section elementor-element elementor-element-3c84811 elementor-section-boxed elementor-section-height-default elementor-section-height-default\" data-id=\"3c84811\" data-element_type=\"section\" data-e-type=\"section\">\n\t\t\t\t\t\t<div class=\"elementor-container elementor-column-gap-default\">\n\t\t\t\t\t<div class=\"elementor-column elementor-col-100 elementor-top-column elementor-element elementor-element-82ab1be\" data-id=\"82ab1be\" data-element_type=\"column\" data-e-type=\"column\">\n\t\t\t<div class=\"elementor-widget-wrap elementor-element-populated\">\n\t\t\t\t\t\t<div class=\"elementor-element elementor-element-6dee2ef elementor-widget elementor-widget-html\" data-id=\"6dee2ef\" data-element_type=\"widget\" data-e-type=\"widget\" data-widget_type=\"html.default\">\n\t\t\t\t<div class=\"elementor-widget-container\">\n\t\t\t\t\t<script charset=\"utf-8\" type=\"text\/javascript\" src=\"\/\/js-eu1.hsforms.net\/forms\/embed\/v2.js\"><\/script>\r\n<script>\r\n  hbspt.forms.create({\r\n    region: \"eu1\",\r\n    portalId: \"26265135\",\r\n    formId: \"a5032b6f-331d-4176-b452-04633f73eea2\"\r\n  });\r\n<\/script>\t\t\t\t<\/div>\n\t\t\t\t<\/div>\n\t\t\t\t\t<\/div>\n\t\t<\/div>\n\t\t\t\t\t<\/div>\n\t\t<\/section>\n\t\t\t\t<\/div>\n\t\t","protected":false},"excerpt":{"rendered":"<p>Contact us<\/p>\n","protected":false},"author":1,"featured_media":0,"parent":0,"menu_order":0,"comment_status":"closed","ping_status":"closed","template":"page-contact.php","meta":{"_acf_changed":false,"inline_featured_image":false,"footnotes":""},"class_list":["post-5332","page","type-page","status-publish","hentry"],"acf":[],"yoast_head":"<!-- This site is optimized with the Yoast SEO plugin v27.3 - https:\/\/yoast.com\/product\/yoast-seo-wordpress\/ -->\n<title>Contact Sodibox \u2013 Quote for Biological Sampling &amp; Transport Kits<\/title>\n<meta name=\"description\" content=\"Have a question about our sampling kits? Contact the Sodibox team by phone, email, or form. Quick response guaranteed.\" \/>\n<meta name=\"robots\" content=\"index, follow, max-snippet:-1, max-image-preview:large, max-video-preview:-1\" \/>\n<link rel=\"canonical\" href=\"https:\/\/www.sodibox.com\/en\/contact-en\/\" \/>\n<meta property=\"og:locale\" content=\"en_US\" \/>\n<meta property=\"og:type\" content=\"article\" \/>\n<meta property=\"og:title\" content=\"Contact Sodibox \u2013 Quote for Biological Sampling &amp; Transport Kits\" \/>\n<meta property=\"og:description\" content=\"Have a question about our sampling kits? Contact the Sodibox team by phone, email, or form. Quick response guaranteed.\" \/>\n<meta property=\"og:url\" content=\"https:\/\/www.sodibox.com\/en\/contact-en\/\" \/>\n<meta property=\"og:site_name\" content=\"Sodibox\" \/>\n<meta property=\"article:modified_time\" content=\"2025-11-18T09:39:03+00:00\" \/>\n<meta name=\"twitter:card\" content=\"summary_large_image\" \/>\n<meta name=\"twitter:label1\" content=\"Est. reading time\" \/>\n\t<meta name=\"twitter:data1\" content=\"1 minute\" \/>\n<script type=\"application\/ld+json\" class=\"yoast-schema-graph\">{\"@context\":\"https:\\\/\\\/schema.org\",\"@graph\":[{\"@type\":\"WebPage\",\"@id\":\"https:\\\/\\\/www.sodibox.com\\\/en\\\/contact-en\\\/\",\"url\":\"https:\\\/\\\/www.sodibox.com\\\/en\\\/contact-en\\\/\",\"name\":\"Contact Sodibox \u2013 Quote for Biological Sampling & Transport Kits\",\"isPartOf\":{\"@id\":\"https:\\\/\\\/www.sodibox.com\\\/#website\"},\"datePublished\":\"2022-10-10T13:45:03+00:00\",\"dateModified\":\"2025-11-18T09:39:03+00:00\",\"description\":\"Have a question about our sampling kits? Contact the Sodibox team by phone, email, or form. Quick response guaranteed.\",\"breadcrumb\":{\"@id\":\"https:\\\/\\\/www.sodibox.com\\\/en\\\/contact-en\\\/#breadcrumb\"},\"inLanguage\":\"en-US\",\"potentialAction\":[{\"@type\":\"ReadAction\",\"target\":[\"https:\\\/\\\/www.sodibox.com\\\/en\\\/contact-en\\\/\"]}]},{\"@type\":\"BreadcrumbList\",\"@id\":\"https:\\\/\\\/www.sodibox.com\\\/en\\\/contact-en\\\/#breadcrumb\",\"itemListElement\":[{\"@type\":\"ListItem\",\"position\":1,\"name\":\"Accueil\",\"item\":\"https:\\\/\\\/www.sodibox.com\\\/en\\\/home\\\/\"},{\"@type\":\"ListItem\",\"position\":2,\"name\":\"Contact\"}]},{\"@type\":\"WebSite\",\"@id\":\"https:\\\/\\\/www.sodibox.com\\\/#website\",\"url\":\"https:\\\/\\\/www.sodibox.com\\\/\",\"name\":\"Sodibox\",\"description\":\"Fabricant de mat\u00e9riels pour pr\u00e9l\u00e8vements en biologie m\u00e9dicale, animale et alimentaire.\",\"potentialAction\":[{\"@type\":\"SearchAction\",\"target\":{\"@type\":\"EntryPoint\",\"urlTemplate\":\"https:\\\/\\\/www.sodibox.com\\\/?s={search_term_string}\"},\"query-input\":{\"@type\":\"PropertyValueSpecification\",\"valueRequired\":true,\"valueName\":\"search_term_string\"}}],\"inLanguage\":\"en-US\"}]}<\/script>\n<!-- \/ Yoast SEO plugin. -->","yoast_head_json":{"title":"Contact Sodibox \u2013 Quote for Biological Sampling & Transport Kits","description":"Have a question about our sampling kits? Contact the Sodibox team by phone, email, or form. Quick response guaranteed.","robots":{"index":"index","follow":"follow","max-snippet":"max-snippet:-1","max-image-preview":"max-image-preview:large","max-video-preview":"max-video-preview:-1"},"canonical":"https:\/\/www.sodibox.com\/en\/contact-en\/","og_locale":"en_US","og_type":"article","og_title":"Contact Sodibox \u2013 Quote for Biological Sampling & Transport Kits","og_description":"Have a question about our sampling kits? Contact the Sodibox team by phone, email, or form. Quick response guaranteed.","og_url":"https:\/\/www.sodibox.com\/en\/contact-en\/","og_site_name":"Sodibox","article_modified_time":"2025-11-18T09:39:03+00:00","twitter_card":"summary_large_image","twitter_misc":{"Est. reading time":"1 minute"},"schema":{"@context":"https:\/\/schema.org","@graph":[{"@type":"WebPage","@id":"https:\/\/www.sodibox.com\/en\/contact-en\/","url":"https:\/\/www.sodibox.com\/en\/contact-en\/","name":"Contact Sodibox \u2013 Quote for Biological Sampling & Transport Kits","isPartOf":{"@id":"https:\/\/www.sodibox.com\/#website"},"datePublished":"2022-10-10T13:45:03+00:00","dateModified":"2025-11-18T09:39:03+00:00","description":"Have a question about our sampling kits? Contact the Sodibox team by phone, email, or form. Quick response guaranteed.","breadcrumb":{"@id":"https:\/\/www.sodibox.com\/en\/contact-en\/#breadcrumb"},"inLanguage":"en-US","potentialAction":[{"@type":"ReadAction","target":["https:\/\/www.sodibox.com\/en\/contact-en\/"]}]},{"@type":"BreadcrumbList","@id":"https:\/\/www.sodibox.com\/en\/contact-en\/#breadcrumb","itemListElement":[{"@type":"ListItem","position":1,"name":"Accueil","item":"https:\/\/www.sodibox.com\/en\/home\/"},{"@type":"ListItem","position":2,"name":"Contact"}]},{"@type":"WebSite","@id":"https:\/\/www.sodibox.com\/#website","url":"https:\/\/www.sodibox.com\/","name":"Sodibox","description":"Fabricant de mat\u00e9riels pour pr\u00e9l\u00e8vements en biologie m\u00e9dicale, animale et alimentaire.","potentialAction":[{"@type":"SearchAction","target":{"@type":"EntryPoint","urlTemplate":"https:\/\/www.sodibox.com\/?s={search_term_string}"},"query-input":{"@type":"PropertyValueSpecification","valueRequired":true,"valueName":"search_term_string"}}],"inLanguage":"en-US"}]}},"_links":{"self":[{"href":"https:\/\/www.sodibox.com\/en\/wp-json\/wp\/v2\/pages\/5332","targetHints":{"allow":["GET"]}}],"collection":[{"href":"https:\/\/www.sodibox.com\/en\/wp-json\/wp\/v2\/pages"}],"about":[{"href":"https:\/\/www.sodibox.com\/en\/wp-json\/wp\/v2\/types\/page"}],"author":[{"embeddable":true,"href":"https:\/\/www.sodibox.com\/en\/wp-json\/wp\/v2\/users\/1"}],"replies":[{"embeddable":true,"href":"https:\/\/www.sodibox.com\/en\/wp-json\/wp\/v2\/comments?post=5332"}],"version-history":[{"count":6,"href":"https:\/\/www.sodibox.com\/en\/wp-json\/wp\/v2\/pages\/5332\/revisions"}],"predecessor-version":[{"id":6270,"href":"https:\/\/www.sodibox.com\/en\/wp-json\/wp\/v2\/pages\/5332\/revisions\/6270"}],"wp:attachment":[{"href":"https:\/\/www.sodibox.com\/en\/wp-json\/wp\/v2\/media?parent=5332"}],"curies":[{"name":"wp","href":"https:\/\/api.w.org\/{rel}","templated":true}]}}